{"id":981,"date":"2023-04-22T03:52:05","date_gmt":"2023-04-22T01:52:05","guid":{"rendered":"https:\/\/finartdesign.hu\/wordpress\/?page_id=981"},"modified":"2024-04-02T07:37:15","modified_gmt":"2024-04-02T05:37:15","slug":"muveszetterapias-folyamat","status":"publish","type":"page","link":"https:\/\/finartdesign.hu\/wordpress\/esemenyek\/muveszetterapias-folyamat\/","title":{"rendered":"M\u0171v\u00e9szetter\u00e1pi\u00e1s folyamat"},"content":{"rendered":"\t\t<div data-elementor-type=\"wp-page\" data-elementor-id=\"981\" class=\"elementor elementor-981\">\n\t\t\t\t\t\t<section class=\"elementor-section elementor-top-section elementor-element elementor-element-15af3742 elementor-section-boxed elementor-section-height-default elementor-section-height-default\" data-id=\"15af3742\" data-element_type=\"section\">\n\t\t\t\t\t\t<div class=\"elementor-container elementor-column-gap-default\">\n\t\t\t\t\t<div class=\"elementor-column elementor-col-100 elementor-top-column elementor-element elementor-element-fc91004\" data-id=\"fc91004\" data-element_type=\"column\">\n\t\t\t<div class=\"elementor-widget-wrap elementor-element-populated\">\n\t\t\t\t\t\t<div class=\"elementor-element elementor-element-430b62e1 elementor-widget elementor-widget-spacer\" data-id=\"430b62e1\" data-element_type=\"widget\" data-widget_type=\"spacer.default\">\n\t\t\t\t<div class=\"elementor-widget-container\">\n\t\t\t\t\t\t\t<div class=\"elementor-spacer\">\n\t\t\t<div class=\"elementor-spacer-inner\"><\/div>\n\t\t<\/div>\n\t\t\t\t\t\t<\/div>\n\t\t\t\t<\/div>\n\t\t\t\t\t<\/div>\n\t\t<\/div>\n\t\t\t\t\t<\/div>\n\t\t<\/section>\n\t\t\t\t<section class=\"elementor-section elementor-top-section elementor-element elementor-element-703e906a elementor-section-boxed elementor-section-height-default elementor-section-height-default\" data-id=\"703e906a\" data-element_type=\"section\">\n\t\t\t\t\t\t<div class=\"elementor-container elementor-column-gap-default\">\n\t\t\t\t\t<div class=\"elementor-column elementor-col-100 elementor-top-column elementor-element elementor-element-4ab4be3\" data-id=\"4ab4be3\" data-element_type=\"column\">\n\t\t\t<div class=\"elementor-widget-wrap elementor-element-populated\">\n\t\t\t\t\t\t<div class=\"elementor-element elementor-element-582156f8 elementor-widget__width-initial elementor-invisible elementor-widget elementor-widget-heading\" data-id=\"582156f8\" data-element_type=\"widget\" data-settings=\"{&quot;_animation&quot;:&quot;fadeInLeft&quot;}\" data-widget_type=\"heading.default\">\n\t\t\t\t<div class=\"elementor-widget-container\">\n\t\t\t\t\t<h2 class=\"elementor-heading-title elementor-size-default\">M\u0171v\u00e9szetter\u00e1pi\u00e1s folyamat<\/h2>\t\t\t\t<\/div>\n\t\t\t\t<\/div>\n\t\t\t\t\t<\/div>\n\t\t<\/div>\n\t\t\t\t\t<\/div>\n\t\t<\/section>\n\t\t\t\t<section class=\"elementor-section elementor-top-section elementor-element elementor-element-4325e12c elementor-section-boxed elementor-section-height-default elementor-section-height-default\" data-id=\"4325e12c\" data-element_type=\"section\">\n\t\t\t\t\t\t<div class=\"elementor-container elementor-column-gap-default\">\n\t\t\t\t\t<div class=\"elementor-column elementor-col-100 elementor-top-column elementor-element elementor-element-16a76ad6\" data-id=\"16a76ad6\" data-element_type=\"column\">\n\t\t\t<div class=\"elementor-widget-wrap elementor-element-populated\">\n\t\t\t\t\t\t<div class=\"elementor-element elementor-element-33a4ab4f elementor-invisible elementor-widget elementor-widget-text-editor\" data-id=\"33a4ab4f\" data-element_type=\"widget\" data-settings=\"{&quot;_animation&quot;:&quot;fadeInLeft&quot;,&quot;_animation_delay&quot;:200}\" data-widget_type=\"text-editor.default\">\n\t\t\t\t<div class=\"elementor-widget-container\">\n\t\t\t\t\t\t\t\t\t<p>Heti rendszeress\u00e9ggel tal\u00e1lkoznak a Magyar M\u00e1ltai Szeretetszolg\u00e1lat Befogad\u00e1s H\u00e1z\u00e1ban a lak\u00f3k, hogy egy\u00fctt alkossanak Quirin \u00c1gnes m\u0171v\u00e9szetterapeuta vezet\u00e9s\u00e9vel. A foglalkoz\u00e1sok p\u00e9ntek d.e. 9.00-11.30 k\u00f6z\u00f6tt val\u00f3sulnak meg, melyeket a lak\u00f3k igazi \u00fcnnepk\u00e9nt \u00e9lnek meg. A foglalkoz\u00e1sok sor\u00e1n t\u00f6bbf\u00e9le technika kipr\u00f3b\u00e1l\u00e1s\u00e1ra van lehet\u0151s\u00e9g, mint pl. akvarell vagy porpasztell, melyekkel val\u00f3 ismerked\u00e9s \u00f6nmagukban is \u00f6r\u00f6met okoznak. Az alkot\u00e1st seg\u00edti minden alkalommal egy-egy vers, s zene, illetve a term\u00e9szetet id\u00e9z\u0151 egy-egy d\u00edsz, vir\u00e1g, z\u00f6ld n\u00f6v\u00e9ny, melyek \u00e1ltal k\u00f6nnyebb a r\u00e1hangol\u00f3d\u00e1s. Az \u00f6r\u00f6m mellett tere van a neh\u00e9z \u00e9rz\u00e9seknek is, a l\u00e9nyeg a kapcsol\u00f3d\u00e1s lehet\u0151s\u00e9g\u00e9t meg\u00e9lni befel\u00e9 \u00e9s kifel\u00e9, \u00f6nmagunk \u00e9s a t\u00e1rsak, k\u00f6rnyezet fel\u00e9. Foglalkoz\u00e1saink att\u00f3l k\u00fcl\u00f6nlegesek, hogy a folyamat r\u00e9sz\u00e9t k\u00e9pezik a ki\u00e1ll\u00edt\u00e1sok is, ahol az alkot\u00f3k megmutathatj\u00e1k magukat az \u00e9rdekl\u0151d\u0151knek. Ez\u00e1ltal is seg\u00edtj\u00fck a t\u00e1rsadalmi t\u00e1vols\u00e1gok cs\u00f6kkent\u00e9s\u00e9t, a megismer\u00e9st \u00e9s az el\u0151\u00edt\u00e9letek lebont\u00e1s\u00e1t.<\/p>\t\t\t\t\t\t\t\t<\/div>\n\t\t\t\t<\/div>\n\t\t\t\t<div class=\"elementor-element elementor-element-b49b7ea elementor-widget elementor-widget-spacer\" data-id=\"b49b7ea\" data-element_type=\"widget\" data-widget_type=\"spacer.default\">\n\t\t\t\t<div class=\"elementor-widget-container\">\n\t\t\t\t\t\t\t<div class=\"elementor-spacer\">\n\t\t\t<div class=\"elementor-spacer-inner\"><\/div>\n\t\t<\/div>\n\t\t\t\t\t\t<\/div>\n\t\t\t\t<\/div>\n\t\t\t\t\t<\/div>\n\t\t<\/div>\n\t\t\t\t\t<\/div>\n\t\t<\/section>\n\t\t\t\t<section class=\"elementor-section elementor-top-section elementor-element elementor-element-078e338 elementor-section-boxed elementor-section-height-default elementor-section-height-default elementor-invisible\" data-id=\"078e338\" data-element_type=\"section\" data-settings=\"{&quot;animation&quot;:&quot;fadeInUp&quot;,&quot;animation_delay&quot;:1000}\">\n\t\t\t\t\t\t<div class=\"elementor-container elementor-column-gap-default\">\n\t\t\t\t\t<div class=\"elementor-column elementor-col-100 elementor-top-column elementor-element elementor-element-a94677c\" data-id=\"a94677c\" data-element_type=\"column\">\n\t\t\t<div class=\"elementor-widget-wrap elementor-element-populated\">\n\t\t\t\t\t\t<div class=\"elementor-element elementor-element-ab7c060 elementor-widget elementor-widget-image\" data-id=\"ab7c060\" data-element_type=\"widget\" data-widget_type=\"image.default\">\n\t\t\t\t<div class=\"elementor-widget-container\">\n\t\t\t\t\t\t\t\t\t\t\t\t\t\t\t<img fetchpriority=\"high\" decoding=\"async\" width=\"920\" height=\"613\" src=\"https:\/\/finartdesign.hu\/wordpress\/wp-content\/uploads\/2023\/03\/LF_230217_DSC8570-920pxl.jpg\" class=\"attachment-full size-full wp-image-859\" alt=\"\" srcset=\"https:\/\/finartdesign.hu\/wordpress\/wp-content\/uploads\/2023\/03\/LF_230217_DSC8570-920pxl.jpg 920w, https:\/\/finartdesign.hu\/wordpress\/wp-content\/uploads\/2023\/03\/LF_230217_DSC8570-920pxl-300x200.jpg 300w, https:\/\/finartdesign.hu\/wordpress\/wp-content\/uploads\/2023\/03\/LF_230217_DSC8570-920pxl-768x512.jpg 768w\" sizes=\"(max-width: 920px) 100vw, 920px\" \/>\t\t\t\t\t\t\t\t\t\t\t\t\t\t\t<\/div>\n\t\t\t\t<\/div>\n\t\t\t\t\t<\/div>\n\t\t<\/div>\n\t\t\t\t\t<\/div>\n\t\t<\/section>\n\t\t\t\t<section class=\"elementor-section elementor-top-section elementor-element elementor-element-0fe5210 elementor-section-boxed elementor-section-height-default elementor-section-height-default\" data-id=\"0fe5210\" data-element_type=\"section\">\n\t\t\t\t\t\t<div class=\"elementor-container elementor-column-gap-default\">\n\t\t\t\t\t<div class=\"elementor-column elementor-col-100 elementor-top-column elementor-element elementor-element-483360c\" data-id=\"483360c\" data-element_type=\"column\">\n\t\t\t<div class=\"elementor-widget-wrap elementor-element-populated\">\n\t\t\t\t\t\t<div class=\"elementor-element elementor-element-e423b54 elementor-widget elementor-widget-spacer\" data-id=\"e423b54\" data-element_type=\"widget\" data-widget_type=\"spacer.default\">\n\t\t\t\t<div class=\"elementor-widget-container\">\n\t\t\t\t\t\t\t<div class=\"elementor-spacer\">\n\t\t\t<div class=\"elementor-spacer-inner\"><\/div>\n\t\t<\/div>\n\t\t\t\t\t\t<\/div>\n\t\t\t\t<\/div>\n\t\t\t\t\t<\/div>\n\t\t<\/div>\n\t\t\t\t\t<\/div>\n\t\t<\/section>\n\t\t\t\t<section class=\"elementor-section elementor-top-section elementor-element elementor-element-433d5f5 elementor-section-boxed elementor-section-height-default elementor-section-height-default\" data-id=\"433d5f5\" data-element_type=\"section\">\n\t\t\t\t\t\t<div class=\"elementor-container elementor-column-gap-default\">\n\t\t\t\t\t<div class=\"elementor-column elementor-col-100 elementor-top-column elementor-element elementor-element-94ca8a1\" data-id=\"94ca8a1\" data-element_type=\"column\">\n\t\t\t<div class=\"elementor-widget-wrap elementor-element-populated\">\n\t\t\t\t\t\t<div class=\"elementor-element elementor-element-dddf834 elementor-widget elementor-widget-button\" data-id=\"dddf834\" data-element_type=\"widget\" data-widget_type=\"button.default\">\n\t\t\t\t<div class=\"elementor-widget-container\">\n\t\t\t\t\t\t\t\t\t<div class=\"elementor-button-wrapper\">\n\t\t\t\t\t<a class=\"elementor-button elementor-button-link elementor-size-sm\" href=\"https:\/\/finartdesign.hu\/wordpress\/esemenyek\/\" rel=\"nofollow\">\n\t\t\t\t\t\t<span class=\"elementor-button-content-wrapper\">\n\t\t\t\t\t\t\t\t\t<span class=\"elementor-button-text\">Vissza<\/span>\n\t\t\t\t\t<\/span>\n\t\t\t\t\t<\/a>\n\t\t\t\t<\/div>\n\t\t\t\t\t\t\t\t<\/div>\n\t\t\t\t<\/div>\n\t\t\t\t<div class=\"elementor-element elementor-element-82748be elementor-widget elementor-widget-spacer\" data-id=\"82748be\" data-element_type=\"widget\" data-widget_type=\"spacer.default\">\n\t\t\t\t<div class=\"elementor-widget-container\">\n\t\t\t\t\t\t\t<div class=\"elementor-spacer\">\n\t\t\t<div class=\"elementor-spacer-inner\"><\/div>\n\t\t<\/div>\n\t\t\t\t\t\t<\/div>\n\t\t\t\t<\/div>\n\t\t\t\t\t<\/div>\n\t\t<\/div>\n\t\t\t\t\t<\/div>\n\t\t<\/section>\n\t\t\t\t<section class=\"elementor-section elementor-top-section elementor-element elementor-element-57a36a83 elementor-section-content-top elementor-section-boxed elementor-section-height-default elementor-section-height-default\" data-id=\"57a36a83\" data-element_type=\"section\" data-settings=\"{&quot;background_background&quot;:&quot;classic&quot;}\">\n\t\t\t\t\t\t<div class=\"elementor-container elementor-column-gap-default\">\n\t\t\t\t\t<div class=\"elementor-column elementor-col-33 elementor-top-column elementor-element elementor-element-72b1ef74\" data-id=\"72b1ef74\" data-element_type=\"column\">\n\t\t\t<div class=\"elementor-widget-wrap elementor-element-populated\">\n\t\t\t\t\t\t<div class=\"elementor-element elementor-element-479fa4fc elementor-widget elementor-widget-heading\" data-id=\"479fa4fc\" data-element_type=\"widget\" data-widget_type=\"heading.default\">\n\t\t\t\t<div class=\"elementor-widget-container\">\n\t\t\t\t\t<h2 class=\"elementor-heading-title elementor-size-default\">K\u00f6z\u00f6ss\u00e9gi m\u00e9dia<\/h2>\t\t\t\t<\/div>\n\t\t\t\t<\/div>\n\t\t\t\t<div class=\"elementor-element elementor-element-6588c95d e-grid-align-mobile-center elementor-shape-rounded elementor-grid-0 elementor-widget elementor-widget-social-icons\" data-id=\"6588c95d\" data-element_type=\"widget\" data-widget_type=\"social-icons.default\">\n\t\t\t\t<div class=\"elementor-widget-container\">\n\t\t\t\t\t\t\t<div class=\"elementor-social-icons-wrapper elementor-grid\" role=\"list\">\n\t\t\t\t\t\t\t<span class=\"elementor-grid-item\" role=\"listitem\">\n\t\t\t\t\t<a class=\"elementor-icon elementor-social-icon elementor-social-icon-facebook-f elementor-animation-float elementor-repeater-item-b0a5f71\" href=\"https:\/\/www.facebook.com\/people\/Otthonra-tal%C3%A1lni-a-m%C5%B1v%C3%A9szetben\/100088530644367\/\" target=\"_blank\">\n\t\t\t\t\t\t<span class=\"elementor-screen-only\">Facebook-f<\/span>\n\t\t\t\t\t\t<i class=\"fab fa-facebook-f\"><\/i>\t\t\t\t\t<\/a>\n\t\t\t\t<\/span>\n\t\t\t\t\t\t\t<span class=\"elementor-grid-item\" role=\"listitem\">\n\t\t\t\t\t<a class=\"elementor-icon elementor-social-icon elementor-social-icon-envelope elementor-animation-float elementor-repeater-item-ec877e9\" href=\"mailto:ladonyizsuzsa@gmail.com\" target=\"_blank\">\n\t\t\t\t\t\t<span class=\"elementor-screen-only\">Envelope<\/span>\n\t\t\t\t\t\t<i class=\"fas fa-envelope\"><\/i>\t\t\t\t\t<\/a>\n\t\t\t\t<\/span>\n\t\t\t\t\t<\/div>\n\t\t\t\t\t\t<\/div>\n\t\t\t\t<\/div>\n\t\t\t\t<div class=\"elementor-element elementor-element-4c14e931 elementor-widget-divider--view-line elementor-widget elementor-widget-divider\" data-id=\"4c14e931\" data-element_type=\"widget\" data-widget_type=\"divider.default\">\n\t\t\t\t<div class=\"elementor-widget-container\">\n\t\t\t\t\t\t\t<div class=\"elementor-divider\">\n\t\t\t<span class=\"elementor-divider-separator\">\n\t\t\t\t\t\t<\/span>\n\t\t<\/div>\n\t\t\t\t\t\t<\/div>\n\t\t\t\t<\/div>\n\t\t\t\t<div class=\"elementor-element elementor-element-3c1a230c elementor-widget elementor-widget-image\" data-id=\"3c1a230c\" data-element_type=\"widget\" data-widget_type=\"image.default\">\n\t\t\t\t<div class=\"elementor-widget-container\">\n\t\t\t\t\t\t\t\t\t\t\t\t\t\t\t<img decoding=\"async\" src=\"https:\/\/finartdesign.hu\/wordpress\/wp-content\/uploads\/elementor\/thumbs\/VEB2023-logo_hu_website_lablec_feher_130x280px-q1gclwv6k9ofrcbk3wxpaje4c9juc2wvah9ylemznk.png\" title=\"VEB2023-logo_hu_website_lablec_feher_130x280px\" alt=\"VEB2023-logo_hu_website_lablec_feher_130x280px\" loading=\"lazy\" \/>\t\t\t\t\t\t\t\t\t\t\t\t\t\t\t<\/div>\n\t\t\t\t<\/div>\n\t\t\t\t\t<\/div>\n\t\t<\/div>\n\t\t\t\t<div class=\"elementor-column elementor-col-33 elementor-top-column elementor-element elementor-element-179fe156\" data-id=\"179fe156\" data-element_type=\"column\">\n\t\t\t<div class=\"elementor-widget-wrap elementor-element-populated\">\n\t\t\t\t\t\t<div class=\"elementor-element elementor-element-1d68c483 elementor-widget elementor-widget-heading\" data-id=\"1d68c483\" data-element_type=\"widget\" data-widget_type=\"heading.default\">\n\t\t\t\t<div class=\"elementor-widget-container\">\n\t\t\t\t\t<h2 class=\"elementor-heading-title elementor-size-default\">Projektmenedzser<\/h2>\t\t\t\t<\/div>\n\t\t\t\t<\/div>\n\t\t\t\t<div class=\"elementor-element elementor-element-3afa0f32 elementor-widget elementor-widget-text-editor\" data-id=\"3afa0f32\" data-element_type=\"widget\" data-widget_type=\"text-editor.default\">\n\t\t\t\t<div class=\"elementor-widget-container\">\n\t\t\t\t\t\t\t\t\t<p>L\u00e1donyi Zsuzsanna<br \/>+36 30 2514940<br \/>ladonyizsuzsa@gmail.com<\/p>\t\t\t\t\t\t\t\t<\/div>\n\t\t\t\t<\/div>\n\t\t\t\t<div class=\"elementor-element elementor-element-6bc6d197 elementor-widget elementor-widget-image\" data-id=\"6bc6d197\" data-element_type=\"widget\" data-widget_type=\"image.default\">\n\t\t\t\t<div class=\"elementor-widget-container\">\n\t\t\t\t\t\t\t\t\t\t\t\t\t\t\t<img decoding=\"async\" width=\"542\" height=\"140\" src=\"https:\/\/finartdesign.hu\/wordpress\/wp-content\/uploads\/2023\/02\/Muveszetek-haza-logo-01.jpg\" class=\"attachment-full size-full wp-image-884\" alt=\"\" srcset=\"https:\/\/finartdesign.hu\/wordpress\/wp-content\/uploads\/2023\/02\/Muveszetek-haza-logo-01.jpg 542w, https:\/\/finartdesign.hu\/wordpress\/wp-content\/uploads\/2023\/02\/Muveszetek-haza-logo-01-300x77.jpg 300w\" sizes=\"(max-width: 542px) 100vw, 542px\" \/>\t\t\t\t\t\t\t\t\t\t\t\t\t\t\t<\/div>\n\t\t\t\t<\/div>\n\t\t\t\t<div class=\"elementor-element elementor-element-7f95d2ae elementor-widget elementor-widget-image\" data-id=\"7f95d2ae\" data-element_type=\"widget\" data-widget_type=\"image.default\">\n\t\t\t\t<div class=\"elementor-widget-container\">\n\t\t\t\t\t\t\t\t\t\t\t\t\t\t\t<img decoding=\"async\" src=\"https:\/\/finartdesign.hu\/wordpress\/wp-content\/uploads\/elementor\/thumbs\/Malta_logo-q371vhz43ynox4e9s93rem8ojq5laazjcleu7wnwg0.png\" title=\"M\u00e1lta_logo\" alt=\"M\u00e1lta_logo\" loading=\"lazy\" \/>\t\t\t\t\t\t\t\t\t\t\t\t\t\t\t<\/div>\n\t\t\t\t<\/div>\n\t\t\t\t\t<\/div>\n\t\t<\/div>\n\t\t\t\t<div class=\"elementor-column elementor-col-33 elementor-top-column elementor-element elementor-element-4ea6ae46\" data-id=\"4ea6ae46\" data-element_type=\"column\">\n\t\t\t<div class=\"elementor-widget-wrap elementor-element-populated\">\n\t\t\t\t\t\t<div class=\"elementor-element elementor-element-70a80c56 elementor-widget elementor-widget-image\" data-id=\"70a80c56\" data-element_type=\"widget\" data-widget_type=\"image.default\">\n\t\t\t\t<div class=\"elementor-widget-container\">\n\t\t\t\t\t\t\t\t\t\t\t\t\t\t\t<img decoding=\"async\" width=\"300\" height=\"300\" src=\"https:\/\/finartdesign.hu\/wordpress\/wp-content\/uploads\/2023\/01\/Otthonra-talalni-a-muveszetben-LOGO-LF-13_PS-300x300.gif\" class=\"attachment-medium size-medium wp-image-173\" alt=\"\" srcset=\"https:\/\/finartdesign.hu\/wordpress\/wp-content\/uploads\/2023\/01\/Otthonra-talalni-a-muveszetben-LOGO-LF-13_PS-300x300.gif 300w, https:\/\/finartdesign.hu\/wordpress\/wp-content\/uploads\/2023\/01\/Otthonra-talalni-a-muveszetben-LOGO-LF-13_PS-150x150.gif 150w, https:\/\/finartdesign.hu\/wordpress\/wp-content\/uploads\/2023\/01\/elementor\/thumbs\/Otthonra-talalni-a-muveszetben-LOGO-LF-13_PS-q1elqqwhh3hx3t0t9wjzcqihphkyds723d8swxl3c4.gif 170w, https:\/\/finartdesign.hu\/wordpress\/wp-content\/uploads\/2023\/01\/elementor\/thumbs\/Otthonra-talalni-a-muveszetben-LOGO-LF-13_PS-q1elqqwhgnpjzmjh4pqvbz4iapqmzv5wfnecnioiqi.gif 169w, https:\/\/finartdesign.hu\/wordpress\/wp-content\/uploads\/2023\/01\/elementor\/thumbs\/Otthonra-talalni-a-muveszetben-LOGO-LF-13_PS-q1elqqwhu94ul7gxlktbzk600oufzb5ruwmcrcq9cg.gif 200w, https:\/\/finartdesign.hu\/wordpress\/wp-content\/uploads\/2023\/01\/elementor\/thumbs\/Otthonra-talalni-a-muveszetben-LOGO-LF-13_PS-q1elqqwibsnf8eqfd55stzpcfmj3g0g27mgf7wx5cw.gif 240w\" sizes=\"(max-width: 300px) 100vw, 300px\" \/>\t\t\t\t\t\t\t\t\t\t\t\t\t\t\t<\/div>\n\t\t\t\t<\/div>\n\t\t\t\t<div class=\"elementor-element elementor-element-48c0d20b elementor-widget elementor-widget-image\" data-id=\"48c0d20b\" data-element_type=\"widget\" data-widget_type=\"image.default\">\n\t\t\t\t<div class=\"elementor-widget-container\">\n\t\t\t\t\t\t\t\t\t\t\t\t\t\t\t<img decoding=\"async\" src=\"https:\/\/finartdesign.hu\/wordpress\/wp-content\/uploads\/elementor\/thumbs\/Finart-logo-nagy-e1678156896690-q357l2gapdtbmaorl0b5woi883hrewmb1j4o68dips.gif\" title=\"Finart-logo-nagy\" alt=\"Finart-logo-nagy\" loading=\"lazy\" \/>\t\t\t\t\t\t\t\t\t\t\t\t\t\t\t<\/div>\n\t\t\t\t<\/div>\n\t\t\t\t\t<\/div>\n\t\t<\/div>\n\t\t\t\t\t<\/div>\n\t\t<\/section>\n\t\t\t\t<\/div>\n\t\t","protected":false},"excerpt":{"rendered":"<p>M\u0171v\u00e9szetter\u00e1pi\u00e1s folyamat Heti rendszeress\u00e9ggel tal\u00e1lkoznak a Magyar M\u00e1ltai Szeretetszolg\u00e1lat Befogad\u00e1s H\u00e1z\u00e1ban a lak\u00f3k, hogy egy\u00fctt alkossanak Quirin \u00c1gnes m\u0171v\u00e9szetterapeuta vezet\u00e9s\u00e9vel. A foglalkoz\u00e1sok p\u00e9ntek d.e. 9.00-11.30 k\u00f6z\u00f6tt val\u00f3sulnak meg, melyeket a lak\u00f3k igazi \u00fcnnepk\u00e9nt \u00e9lnek meg. A foglalkoz\u00e1sok sor\u00e1n t\u00f6bbf\u00e9le technika kipr\u00f3b\u00e1l\u00e1s\u00e1ra van lehet\u0151s\u00e9g, mint pl. akvarell vagy porpasztell, melyekkel val\u00f3 ismerked\u00e9s \u00f6nmagukban is \u00f6r\u00f6met okoznak. [&hellip;]<\/p>\n","protected":false},"author":1,"featured_media":0,"parent":391,"menu_order":0,"comment_status":"closed","ping_status":"closed","template":"","meta":{"ngg_post_thumbnail":0,"ocean_post_layout":"","ocean_both_sidebars_style":"","ocean_both_sidebars_content_width":0,"ocean_both_sidebars_sidebars_width":0,"ocean_sidebar":"0","ocean_second_sidebar":"0","ocean_disable_margins":"enable","ocean_add_body_class":"","ocean_shortcode_before_top_bar":"","ocean_shortcode_after_top_bar":"","ocean_shortcode_before_header":"","ocean_shortcode_after_header":"","ocean_has_shortcode":"","ocean_shortcode_after_title":"","ocean_shortcode_before_footer_widgets":"","ocean_shortcode_after_footer_widgets":"","ocean_shortcode_before_footer_bottom":"","ocean_shortcode_after_footer_bottom":"","ocean_display_top_bar":"off","ocean_display_header":"default","ocean_header_style":"","ocean_center_header_left_menu":"0","ocean_custom_header_template":"0","ocean_custom_logo":0,"ocean_custom_retina_logo":0,"ocean_custom_logo_max_width":0,"ocean_custom_logo_tablet_max_width":0,"ocean_custom_logo_mobile_max_width":0,"ocean_custom_logo_max_height":0,"ocean_custom_logo_tablet_max_height":0,"ocean_custom_logo_mobile_max_height":0,"ocean_header_custom_menu":"0","ocean_menu_typo_font_family":"0","ocean_menu_typo_font_subset":"","ocean_menu_typo_font_size":0,"ocean_menu_typo_font_size_tablet":0,"ocean_menu_typo_font_size_mobile":0,"ocean_menu_typo_font_size_unit":"px","ocean_menu_typo_font_weight":"","ocean_menu_typo_font_weight_tablet":"","ocean_menu_typo_font_weight_mobile":"","ocean_menu_typo_transform":"","ocean_menu_typo_transform_tablet":"","ocean_menu_typo_transform_mobile":"","ocean_menu_typo_line_height":0,"ocean_menu_typo_line_height_tablet":0,"ocean_menu_typo_line_height_mobile":0,"ocean_menu_typo_line_height_unit":"","ocean_menu_typo_spacing":0,"ocean_menu_typo_spacing_tablet":0,"ocean_menu_typo_spacing_mobile":0,"ocean_menu_typo_spacing_unit":"","ocean_menu_link_color":"","ocean_menu_link_color_hover":"","ocean_menu_link_color_active":"","ocean_menu_link_background":"","ocean_menu_link_hover_background":"","ocean_menu_link_active_background":"","ocean_menu_social_links_bg":"","ocean_menu_social_hover_links_bg":"","ocean_menu_social_links_color":"","ocean_menu_social_hover_links_color":"","ocean_disable_title":"on","ocean_disable_heading":"default","ocean_post_title":"","ocean_post_subheading":"","ocean_post_title_style":"","ocean_post_title_background_color":"","ocean_post_title_background":0,"ocean_post_title_bg_image_position":"","ocean_post_title_bg_image_attachment":"","ocean_post_title_bg_image_repeat":"","ocean_post_title_bg_image_size":"","ocean_post_title_height":0,"ocean_post_title_bg_overlay":0.5,"ocean_post_title_bg_overlay_color":"","ocean_disable_breadcrumbs":"default","ocean_breadcrumbs_color":"","ocean_breadcrumbs_separator_color":"","ocean_breadcrumbs_links_color":"","ocean_breadcrumbs_links_hover_color":"","ocean_display_footer_widgets":"default","ocean_display_footer_bottom":"default","ocean_custom_footer_template":"0","footnotes":""},"class_list":["post-981","page","type-page","status-publish","hentry","entry"],"_links":{"self":[{"href":"https:\/\/finartdesign.hu\/wordpress\/wp-json\/wp\/v2\/pages\/981","targetHints":{"allow":["GET"]}}],"collection":[{"href":"https:\/\/finartdesign.hu\/wordpress\/wp-json\/wp\/v2\/pages"}],"about":[{"href":"https:\/\/finartdesign.hu\/wordpress\/wp-json\/wp\/v2\/types\/page"}],"author":[{"embeddable":true,"href":"https:\/\/finartdesign.hu\/wordpress\/wp-json\/wp\/v2\/users\/1"}],"replies":[{"embeddable":true,"href":"https:\/\/finartdesign.hu\/wordpress\/wp-json\/wp\/v2\/comments?post=981"}],"version-history":[{"count":15,"href":"https:\/\/finartdesign.hu\/wordpress\/wp-json\/wp\/v2\/pages\/981\/revisions"}],"predecessor-version":[{"id":1309,"href":"https:\/\/finartdesign.hu\/wordpress\/wp-json\/wp\/v2\/pages\/981\/revisions\/1309"}],"up":[{"embeddable":true,"href":"https:\/\/finartdesign.hu\/wordpress\/wp-json\/wp\/v2\/pages\/391"}],"wp:attachment":[{"href":"https:\/\/finartdesign.hu\/wordpress\/wp-json\/wp\/v2\/media?parent=981"}],"curies":[{"name":"wp","href":"https:\/\/api.w.org\/{rel}","templated":true}]}}