{"id":1284,"date":"2024-04-02T06:28:49","date_gmt":"2024-04-02T04:28:49","guid":{"rendered":"https:\/\/finartdesign.hu\/wordpress\/?page_id=1284"},"modified":"2024-04-02T06:45:47","modified_gmt":"2024-04-02T04:45:47","slug":"muzeumpedagogiai-foglalkozasok","status":"publish","type":"page","link":"https:\/\/finartdesign.hu\/wordpress\/esemenyek\/muzeumpedagogiai-foglalkozasok\/","title":{"rendered":"M\u00fazeumpedag\u00f3giai foglalkoz\u00e1sok"},"content":{"rendered":"\t\t<div data-elementor-type=\"wp-page\" data-elementor-id=\"1284\" class=\"elementor elementor-1284\">\n\t\t\t\t\t\t<section class=\"elementor-section elementor-top-section elementor-element elementor-element-e3c6aa5 elementor-section-boxed elementor-section-height-default elementor-section-height-default\" data-id=\"e3c6aa5\" data-element_type=\"section\">\n\t\t\t\t\t\t<div class=\"elementor-container elementor-column-gap-default\">\n\t\t\t\t\t<div class=\"elementor-column elementor-col-100 elementor-top-column elementor-element elementor-element-ed19e08\" data-id=\"ed19e08\" data-element_type=\"column\">\n\t\t\t<div class=\"elementor-widget-wrap elementor-element-populated\">\n\t\t\t\t\t\t<div class=\"elementor-element elementor-element-b3b68b7 elementor-widget elementor-widget-spacer\" data-id=\"b3b68b7\" data-element_type=\"widget\" data-widget_type=\"spacer.default\">\n\t\t\t\t<div class=\"elementor-widget-container\">\n\t\t\t\t\t\t\t<div class=\"elementor-spacer\">\n\t\t\t<div class=\"elementor-spacer-inner\"><\/div>\n\t\t<\/div>\n\t\t\t\t\t\t<\/div>\n\t\t\t\t<\/div>\n\t\t\t\t\t<\/div>\n\t\t<\/div>\n\t\t\t\t\t<\/div>\n\t\t<\/section>\n\t\t\t\t<section class=\"elementor-section elementor-top-section elementor-element elementor-element-5df73bc elementor-section-boxed elementor-section-height-default elementor-section-height-default\" data-id=\"5df73bc\" data-element_type=\"section\">\n\t\t\t\t\t\t<div class=\"elementor-container elementor-column-gap-default\">\n\t\t\t\t\t<div class=\"elementor-column elementor-col-100 elementor-top-column elementor-element elementor-element-99a77c8\" data-id=\"99a77c8\" data-element_type=\"column\">\n\t\t\t<div class=\"elementor-widget-wrap elementor-element-populated\">\n\t\t\t\t\t\t<div class=\"elementor-element elementor-element-8bbdbc9 elementor-widget__width-initial elementor-invisible elementor-widget elementor-widget-heading\" data-id=\"8bbdbc9\" data-element_type=\"widget\" data-settings=\"{&quot;_animation&quot;:&quot;fadeInLeft&quot;}\" data-widget_type=\"heading.default\">\n\t\t\t\t<div class=\"elementor-widget-container\">\n\t\t\t\t\t<h2 class=\"elementor-heading-title elementor-size-default\">M\u00fazeumpedag\u00f3giai foglalkoz\u00e1sok\n<\/h2>\t\t\t\t<\/div>\n\t\t\t\t<\/div>\n\t\t\t\t\t<\/div>\n\t\t<\/div>\n\t\t\t\t\t<\/div>\n\t\t<\/section>\n\t\t\t\t<section class=\"elementor-section elementor-top-section elementor-element elementor-element-ba07460 elementor-section-boxed elementor-section-height-default elementor-section-height-default\" data-id=\"ba07460\" data-element_type=\"section\">\n\t\t\t\t\t\t<div class=\"elementor-container elementor-column-gap-default\">\n\t\t\t\t\t<div class=\"elementor-column elementor-col-100 elementor-top-column elementor-element elementor-element-b963aa6\" data-id=\"b963aa6\" data-element_type=\"column\">\n\t\t\t<div class=\"elementor-widget-wrap elementor-element-populated\">\n\t\t\t\t\t\t<div class=\"elementor-element elementor-element-6c7868d elementor-invisible elementor-widget elementor-widget-text-editor\" data-id=\"6c7868d\" data-element_type=\"widget\" data-settings=\"{&quot;_animation&quot;:&quot;fadeInLeft&quot;,&quot;_animation_delay&quot;:200}\" data-widget_type=\"text-editor.default\">\n\t\t\t\t<div class=\"elementor-widget-container\">\n\t\t\t\t\t\t\t\t\t<p>M\u00e1jusban \u00e9s j\u00faniusban \u00e1ltal\u00e1nos \u00e9s k\u00f6z\u00e9piskol\u00e1s di\u00e1kok sz\u00e1m\u00e1ra szervezt\u00fcnk m\u00fazeumpedag\u00f3giai foglalkoz\u00e1sokat. Megn\u00e9zt\u00fck vel\u00fck a Befogad\u00e1s H\u00e1za lak\u00f3i sz\u00e1m\u00e1ra szervezett m\u0171v\u00e9szetter\u00e1pi\u00e1s foglalkoz\u00e1sokon k\u00e9sz\u00fclt alkot\u00e1sokat, illetve a foglalkoz\u00e1sokr\u00f3l k\u00e9sz\u00edtett fotogr\u00e1fi\u00e1kat.<\/p><p>A ki\u00e1ll\u00edt\u00e1sok, a besz\u00e9lget\u00e9sek a gyerekeket is inspir\u00e1lt\u00e1k, \u00e9s fantasztikus aj\u00e1nd\u00e9k-alkot\u00e1sok is sz\u00fclettek.<\/p><p>Az esem\u00e9ny a VEB2023 EKF-program t\u00e1mogat\u00e1s\u00e1val val\u00f3sulhatott meg.<\/p>\t\t\t\t\t\t\t\t<\/div>\n\t\t\t\t<\/div>\n\t\t\t\t<div class=\"elementor-element elementor-element-9d3e669 elementor-widget elementor-widget-spacer\" data-id=\"9d3e669\" data-element_type=\"widget\" data-widget_type=\"spacer.default\">\n\t\t\t\t<div class=\"elementor-widget-container\">\n\t\t\t\t\t\t\t<div class=\"elementor-spacer\">\n\t\t\t<div class=\"elementor-spacer-inner\"><\/div>\n\t\t<\/div>\n\t\t\t\t\t\t<\/div>\n\t\t\t\t<\/div>\n\t\t\t\t\t<\/div>\n\t\t<\/div>\n\t\t\t\t\t<\/div>\n\t\t<\/section>\n\t\t\t\t<section class=\"elementor-section elementor-top-section elementor-element elementor-element-755b493 elementor-section-boxed elementor-section-height-default elementor-section-height-default elementor-invisible\" data-id=\"755b493\" data-element_type=\"section\" data-settings=\"{&quot;animation&quot;:&quot;fadeInUp&quot;,&quot;animation_delay&quot;:1000}\">\n\t\t\t\t\t\t<div class=\"elementor-container elementor-column-gap-default\">\n\t\t\t\t\t<div class=\"elementor-column elementor-col-100 elementor-top-column elementor-element elementor-element-f97c93f\" data-id=\"f97c93f\" data-element_type=\"column\">\n\t\t\t<div class=\"elementor-widget-wrap elementor-element-populated\">\n\t\t\t\t\t\t<div class=\"elementor-element elementor-element-cbb4b68 elementor-widget elementor-widget-image\" data-id=\"cbb4b68\" data-element_type=\"widget\" data-widget_type=\"image.default\">\n\t\t\t\t<div class=\"elementor-widget-container\">\n\t\t\t\t\t\t\t\t\t\t\t\t\t\t\t<img fetchpriority=\"high\" decoding=\"async\" width=\"900\" height=\"535\" src=\"https:\/\/finartdesign.hu\/wordpress\/wp-content\/uploads\/2024\/04\/Muzeumpedagogiai-foglalkozasok-01-a.jpg\" class=\"attachment-full size-full wp-image-1238\" alt=\"\" srcset=\"https:\/\/finartdesign.hu\/wordpress\/wp-content\/uploads\/2024\/04\/Muzeumpedagogiai-foglalkozasok-01-a.jpg 900w, https:\/\/finartdesign.hu\/wordpress\/wp-content\/uploads\/2024\/04\/Muzeumpedagogiai-foglalkozasok-01-a-300x178.jpg 300w, https:\/\/finartdesign.hu\/wordpress\/wp-content\/uploads\/2024\/04\/Muzeumpedagogiai-foglalkozasok-01-a-768x457.jpg 768w\" sizes=\"(max-width: 900px) 100vw, 900px\" \/>\t\t\t\t\t\t\t\t\t\t\t\t\t\t\t<\/div>\n\t\t\t\t<\/div>\n\t\t\t\t\t<\/div>\n\t\t<\/div>\n\t\t\t\t\t<\/div>\n\t\t<\/section>\n\t\t\t\t<section class=\"elementor-section elementor-top-section elementor-element elementor-element-4b2453d elementor-section-boxed elementor-section-height-default elementor-section-height-default\" data-id=\"4b2453d\" data-element_type=\"section\">\n\t\t\t\t\t\t<div class=\"elementor-container elementor-column-gap-default\">\n\t\t\t\t\t<div class=\"elementor-column elementor-col-100 elementor-top-column elementor-element elementor-element-6e492d3\" data-id=\"6e492d3\" data-element_type=\"column\">\n\t\t\t<div class=\"elementor-widget-wrap elementor-element-populated\">\n\t\t\t\t\t\t<div class=\"elementor-element elementor-element-8578a54 elementor-widget elementor-widget-spacer\" data-id=\"8578a54\" data-element_type=\"widget\" data-widget_type=\"spacer.default\">\n\t\t\t\t<div class=\"elementor-widget-container\">\n\t\t\t\t\t\t\t<div class=\"elementor-spacer\">\n\t\t\t<div class=\"elementor-spacer-inner\"><\/div>\n\t\t<\/div>\n\t\t\t\t\t\t<\/div>\n\t\t\t\t<\/div>\n\t\t\t\t\t<\/div>\n\t\t<\/div>\n\t\t\t\t\t<\/div>\n\t\t<\/section>\n\t\t\t\t<section class=\"elementor-section elementor-top-section elementor-element elementor-element-89a3a56 elementor-section-boxed elementor-section-height-default elementor-section-height-default elementor-invisible\" data-id=\"89a3a56\" data-element_type=\"section\" data-settings=\"{&quot;animation&quot;:&quot;fadeInUp&quot;,&quot;animation_delay&quot;:1000}\">\n\t\t\t\t\t\t<div class=\"elementor-container elementor-column-gap-default\">\n\t\t\t\t\t<div class=\"elementor-column elementor-col-100 elementor-top-column elementor-element elementor-element-fb19f10\" data-id=\"fb19f10\" data-element_type=\"column\">\n\t\t\t<div class=\"elementor-widget-wrap elementor-element-populated\">\n\t\t\t\t\t\t<div class=\"elementor-element elementor-element-f8e7751 elementor-widget elementor-widget-image\" data-id=\"f8e7751\" data-element_type=\"widget\" data-widget_type=\"image.default\">\n\t\t\t\t<div class=\"elementor-widget-container\">\n\t\t\t\t\t\t\t\t\t\t\t\t\t\t\t<img decoding=\"async\" width=\"900\" height=\"515\" src=\"https:\/\/finartdesign.hu\/wordpress\/wp-content\/uploads\/2024\/04\/Muzeumpedagogiai-foglalkozasok-02-a.jpg\" class=\"attachment-full size-full wp-image-1239\" alt=\"\" srcset=\"https:\/\/finartdesign.hu\/wordpress\/wp-content\/uploads\/2024\/04\/Muzeumpedagogiai-foglalkozasok-02-a.jpg 900w, https:\/\/finartdesign.hu\/wordpress\/wp-content\/uploads\/2024\/04\/Muzeumpedagogiai-foglalkozasok-02-a-300x172.jpg 300w, https:\/\/finartdesign.hu\/wordpress\/wp-content\/uploads\/2024\/04\/Muzeumpedagogiai-foglalkozasok-02-a-768x439.jpg 768w\" sizes=\"(max-width: 900px) 100vw, 900px\" \/>\t\t\t\t\t\t\t\t\t\t\t\t\t\t\t<\/div>\n\t\t\t\t<\/div>\n\t\t\t\t\t<\/div>\n\t\t<\/div>\n\t\t\t\t\t<\/div>\n\t\t<\/section>\n\t\t\t\t<section class=\"elementor-section elementor-top-section elementor-element elementor-element-7b3c254 elementor-section-boxed elementor-section-height-default elementor-section-height-default\" data-id=\"7b3c254\" data-element_type=\"section\">\n\t\t\t\t\t\t<div class=\"elementor-container elementor-column-gap-default\">\n\t\t\t\t\t<div class=\"elementor-column elementor-col-100 elementor-top-column elementor-element elementor-element-45eea4c\" data-id=\"45eea4c\" data-element_type=\"column\">\n\t\t\t<div class=\"elementor-widget-wrap elementor-element-populated\">\n\t\t\t\t\t\t<div class=\"elementor-element elementor-element-7caf8a8 elementor-widget elementor-widget-spacer\" data-id=\"7caf8a8\" data-element_type=\"widget\" data-widget_type=\"spacer.default\">\n\t\t\t\t<div class=\"elementor-widget-container\">\n\t\t\t\t\t\t\t<div class=\"elementor-spacer\">\n\t\t\t<div class=\"elementor-spacer-inner\"><\/div>\n\t\t<\/div>\n\t\t\t\t\t\t<\/div>\n\t\t\t\t<\/div>\n\t\t\t\t\t<\/div>\n\t\t<\/div>\n\t\t\t\t\t<\/div>\n\t\t<\/section>\n\t\t\t\t<section class=\"elementor-section elementor-top-section elementor-element elementor-element-93b499d elementor-section-boxed elementor-section-height-default elementor-section-height-default\" data-id=\"93b499d\" data-element_type=\"section\">\n\t\t\t\t\t\t<div class=\"elementor-container elementor-column-gap-default\">\n\t\t\t\t\t<div class=\"elementor-column elementor-col-100 elementor-top-column elementor-element elementor-element-a4ba19d\" data-id=\"a4ba19d\" data-element_type=\"column\">\n\t\t\t<div class=\"elementor-widget-wrap elementor-element-populated\">\n\t\t\t\t\t\t<div class=\"elementor-element elementor-element-36c1b60 elementor-widget elementor-widget-button\" data-id=\"36c1b60\" data-element_type=\"widget\" data-widget_type=\"button.default\">\n\t\t\t\t<div class=\"elementor-widget-container\">\n\t\t\t\t\t\t\t\t\t<div class=\"elementor-button-wrapper\">\n\t\t\t\t\t<a class=\"elementor-button elementor-button-link elementor-size-sm\" href=\"https:\/\/finartdesign.hu\/wordpress\/esemenyek\/\" rel=\"nofollow\">\n\t\t\t\t\t\t<span class=\"elementor-button-content-wrapper\">\n\t\t\t\t\t\t\t\t\t<span class=\"elementor-button-text\">Vissza<\/span>\n\t\t\t\t\t<\/span>\n\t\t\t\t\t<\/a>\n\t\t\t\t<\/div>\n\t\t\t\t\t\t\t\t<\/div>\n\t\t\t\t<\/div>\n\t\t\t\t<div class=\"elementor-element elementor-element-e3c5a2e elementor-widget elementor-widget-spacer\" data-id=\"e3c5a2e\" data-element_type=\"widget\" data-widget_type=\"spacer.default\">\n\t\t\t\t<div class=\"elementor-widget-container\">\n\t\t\t\t\t\t\t<div class=\"elementor-spacer\">\n\t\t\t<div class=\"elementor-spacer-inner\"><\/div>\n\t\t<\/div>\n\t\t\t\t\t\t<\/div>\n\t\t\t\t<\/div>\n\t\t\t\t\t<\/div>\n\t\t<\/div>\n\t\t\t\t\t<\/div>\n\t\t<\/section>\n\t\t\t\t<section class=\"elementor-section elementor-top-section elementor-element elementor-element-f53bfe7 elementor-section-content-top elementor-section-boxed elementor-section-height-default elementor-section-height-default\" data-id=\"f53bfe7\" data-element_type=\"section\" data-settings=\"{&quot;background_background&quot;:&quot;classic&quot;}\">\n\t\t\t\t\t\t<div class=\"elementor-container elementor-column-gap-default\">\n\t\t\t\t\t<div class=\"elementor-column elementor-col-33 elementor-top-column elementor-element elementor-element-3a6a895\" data-id=\"3a6a895\" data-element_type=\"column\">\n\t\t\t<div class=\"elementor-widget-wrap elementor-element-populated\">\n\t\t\t\t\t\t<div class=\"elementor-element elementor-element-5a9cf72 elementor-widget elementor-widget-heading\" data-id=\"5a9cf72\" data-element_type=\"widget\" data-widget_type=\"heading.default\">\n\t\t\t\t<div class=\"elementor-widget-container\">\n\t\t\t\t\t<h2 class=\"elementor-heading-title elementor-size-default\">K\u00f6z\u00f6ss\u00e9gi m\u00e9dia<\/h2>\t\t\t\t<\/div>\n\t\t\t\t<\/div>\n\t\t\t\t<div class=\"elementor-element elementor-element-7067f22 e-grid-align-mobile-center elementor-shape-rounded elementor-grid-0 elementor-widget elementor-widget-social-icons\" data-id=\"7067f22\" data-element_type=\"widget\" data-widget_type=\"social-icons.default\">\n\t\t\t\t<div class=\"elementor-widget-container\">\n\t\t\t\t\t\t\t<div class=\"elementor-social-icons-wrapper elementor-grid\" role=\"list\">\n\t\t\t\t\t\t\t<span class=\"elementor-grid-item\" role=\"listitem\">\n\t\t\t\t\t<a class=\"elementor-icon elementor-social-icon elementor-social-icon-facebook-f elementor-animation-float elementor-repeater-item-b0a5f71\" href=\"https:\/\/www.facebook.com\/people\/Otthonra-tal%C3%A1lni-a-m%C5%B1v%C3%A9szetben\/100088530644367\/\" target=\"_blank\">\n\t\t\t\t\t\t<span class=\"elementor-screen-only\">Facebook-f<\/span>\n\t\t\t\t\t\t<i class=\"fab fa-facebook-f\"><\/i>\t\t\t\t\t<\/a>\n\t\t\t\t<\/span>\n\t\t\t\t\t\t\t<span class=\"elementor-grid-item\" role=\"listitem\">\n\t\t\t\t\t<a class=\"elementor-icon elementor-social-icon elementor-social-icon-envelope elementor-animation-float elementor-repeater-item-ec877e9\" href=\"mailto:ladonyizsuzsa@gmail.com\" target=\"_blank\">\n\t\t\t\t\t\t<span class=\"elementor-screen-only\">Envelope<\/span>\n\t\t\t\t\t\t<i class=\"fas fa-envelope\"><\/i>\t\t\t\t\t<\/a>\n\t\t\t\t<\/span>\n\t\t\t\t\t<\/div>\n\t\t\t\t\t\t<\/div>\n\t\t\t\t<\/div>\n\t\t\t\t<div class=\"elementor-element elementor-element-92702f7 elementor-widget-divider--view-line elementor-widget elementor-widget-divider\" data-id=\"92702f7\" data-element_type=\"widget\" data-widget_type=\"divider.default\">\n\t\t\t\t<div class=\"elementor-widget-container\">\n\t\t\t\t\t\t\t<div class=\"elementor-divider\">\n\t\t\t<span class=\"elementor-divider-separator\">\n\t\t\t\t\t\t<\/span>\n\t\t<\/div>\n\t\t\t\t\t\t<\/div>\n\t\t\t\t<\/div>\n\t\t\t\t<div class=\"elementor-element elementor-element-562c756 elementor-widget elementor-widget-image\" data-id=\"562c756\" data-element_type=\"widget\" data-widget_type=\"image.default\">\n\t\t\t\t<div class=\"elementor-widget-container\">\n\t\t\t\t\t\t\t\t\t\t\t\t\t\t\t<img decoding=\"async\" src=\"https:\/\/finartdesign.hu\/wordpress\/wp-content\/uploads\/elementor\/thumbs\/VEB2023-logo_hu_website_lablec_feher_130x280px-q1gclwv6k9ofrcbk3wxpaje4c9juc2wvah9ylemznk.png\" title=\"VEB2023-logo_hu_website_lablec_feher_130x280px\" alt=\"VEB2023-logo_hu_website_lablec_feher_130x280px\" loading=\"lazy\" \/>\t\t\t\t\t\t\t\t\t\t\t\t\t\t\t<\/div>\n\t\t\t\t<\/div>\n\t\t\t\t\t<\/div>\n\t\t<\/div>\n\t\t\t\t<div class=\"elementor-column elementor-col-33 elementor-top-column elementor-element elementor-element-dbe3d83\" data-id=\"dbe3d83\" data-element_type=\"column\">\n\t\t\t<div class=\"elementor-widget-wrap elementor-element-populated\">\n\t\t\t\t\t\t<div class=\"elementor-element elementor-element-88d2880 elementor-widget elementor-widget-heading\" data-id=\"88d2880\" data-element_type=\"widget\" data-widget_type=\"heading.default\">\n\t\t\t\t<div class=\"elementor-widget-container\">\n\t\t\t\t\t<h2 class=\"elementor-heading-title elementor-size-default\">Projektmenedzser<\/h2>\t\t\t\t<\/div>\n\t\t\t\t<\/div>\n\t\t\t\t<div class=\"elementor-element elementor-element-250348e elementor-widget elementor-widget-text-editor\" data-id=\"250348e\" data-element_type=\"widget\" data-widget_type=\"text-editor.default\">\n\t\t\t\t<div class=\"elementor-widget-container\">\n\t\t\t\t\t\t\t\t\t<p>L\u00e1donyi Zsuzsanna<br \/>+36 30 2514940<br \/>ladonyizsuzsa@gmail.com<\/p>\t\t\t\t\t\t\t\t<\/div>\n\t\t\t\t<\/div>\n\t\t\t\t<div class=\"elementor-element elementor-element-ad98ac0 elementor-widget elementor-widget-image\" data-id=\"ad98ac0\" data-element_type=\"widget\" data-widget_type=\"image.default\">\n\t\t\t\t<div class=\"elementor-widget-container\">\n\t\t\t\t\t\t\t\t\t\t\t\t\t\t\t<img decoding=\"async\" width=\"542\" height=\"140\" src=\"https:\/\/finartdesign.hu\/wordpress\/wp-content\/uploads\/2023\/02\/Muveszetek-haza-logo-01.jpg\" class=\"attachment-full size-full wp-image-884\" alt=\"\" srcset=\"https:\/\/finartdesign.hu\/wordpress\/wp-content\/uploads\/2023\/02\/Muveszetek-haza-logo-01.jpg 542w, https:\/\/finartdesign.hu\/wordpress\/wp-content\/uploads\/2023\/02\/Muveszetek-haza-logo-01-300x77.jpg 300w\" sizes=\"(max-width: 542px) 100vw, 542px\" \/>\t\t\t\t\t\t\t\t\t\t\t\t\t\t\t<\/div>\n\t\t\t\t<\/div>\n\t\t\t\t<div class=\"elementor-element elementor-element-f7ca9cf elementor-widget elementor-widget-image\" data-id=\"f7ca9cf\" data-element_type=\"widget\" data-widget_type=\"image.default\">\n\t\t\t\t<div class=\"elementor-widget-container\">\n\t\t\t\t\t\t\t\t\t\t\t\t\t\t\t<img decoding=\"async\" src=\"https:\/\/finartdesign.hu\/wordpress\/wp-content\/uploads\/elementor\/thumbs\/Malta_logo-q371vhz43ynox4e9s93rem8ojq5laazjcleu7wnwg0.png\" title=\"M\u00e1lta_logo\" alt=\"M\u00e1lta_logo\" loading=\"lazy\" \/>\t\t\t\t\t\t\t\t\t\t\t\t\t\t\t<\/div>\n\t\t\t\t<\/div>\n\t\t\t\t\t<\/div>\n\t\t<\/div>\n\t\t\t\t<div class=\"elementor-column elementor-col-33 elementor-top-column elementor-element elementor-element-008772b\" data-id=\"008772b\" data-element_type=\"column\">\n\t\t\t<div class=\"elementor-widget-wrap elementor-element-populated\">\n\t\t\t\t\t\t<div class=\"elementor-element elementor-element-035513e elementor-widget elementor-widget-image\" data-id=\"035513e\" data-element_type=\"widget\" data-widget_type=\"image.default\">\n\t\t\t\t<div class=\"elementor-widget-container\">\n\t\t\t\t\t\t\t\t\t\t\t\t\t\t\t<img loading=\"lazy\" decoding=\"async\" width=\"300\" height=\"300\" src=\"https:\/\/finartdesign.hu\/wordpress\/wp-content\/uploads\/2023\/01\/Otthonra-talalni-a-muveszetben-LOGO-LF-13_PS-300x300.gif\" class=\"attachment-medium size-medium wp-image-173\" alt=\"\" srcset=\"https:\/\/finartdesign.hu\/wordpress\/wp-content\/uploads\/2023\/01\/Otthonra-talalni-a-muveszetben-LOGO-LF-13_PS-300x300.gif 300w, https:\/\/finartdesign.hu\/wordpress\/wp-content\/uploads\/2023\/01\/Otthonra-talalni-a-muveszetben-LOGO-LF-13_PS-150x150.gif 150w, https:\/\/finartdesign.hu\/wordpress\/wp-content\/uploads\/2023\/01\/elementor\/thumbs\/Otthonra-talalni-a-muveszetben-LOGO-LF-13_PS-q1elqqwhh3hx3t0t9wjzcqihphkyds723d8swxl3c4.gif 170w, https:\/\/finartdesign.hu\/wordpress\/wp-content\/uploads\/2023\/01\/elementor\/thumbs\/Otthonra-talalni-a-muveszetben-LOGO-LF-13_PS-q1elqqwhgnpjzmjh4pqvbz4iapqmzv5wfnecnioiqi.gif 169w, https:\/\/finartdesign.hu\/wordpress\/wp-content\/uploads\/2023\/01\/elementor\/thumbs\/Otthonra-talalni-a-muveszetben-LOGO-LF-13_PS-q1elqqwhu94ul7gxlktbzk600oufzb5ruwmcrcq9cg.gif 200w, https:\/\/finartdesign.hu\/wordpress\/wp-content\/uploads\/2023\/01\/elementor\/thumbs\/Otthonra-talalni-a-muveszetben-LOGO-LF-13_PS-q1elqqwibsnf8eqfd55stzpcfmj3g0g27mgf7wx5cw.gif 240w\" sizes=\"(max-width: 300px) 100vw, 300px\" \/>\t\t\t\t\t\t\t\t\t\t\t\t\t\t\t<\/div>\n\t\t\t\t<\/div>\n\t\t\t\t<div class=\"elementor-element elementor-element-45ed868 elementor-widget elementor-widget-image\" data-id=\"45ed868\" data-element_type=\"widget\" data-widget_type=\"image.default\">\n\t\t\t\t<div class=\"elementor-widget-container\">\n\t\t\t\t\t\t\t\t\t\t\t\t\t\t\t<img decoding=\"async\" src=\"https:\/\/finartdesign.hu\/wordpress\/wp-content\/uploads\/elementor\/thumbs\/Finart-logo-nagy-e1678156896690-q357l2gapdtbmaorl0b5woi883hrewmb1j4o68dips.gif\" title=\"Finart-logo-nagy\" alt=\"Finart-logo-nagy\" loading=\"lazy\" \/>\t\t\t\t\t\t\t\t\t\t\t\t\t\t\t<\/div>\n\t\t\t\t<\/div>\n\t\t\t\t\t<\/div>\n\t\t<\/div>\n\t\t\t\t\t<\/div>\n\t\t<\/section>\n\t\t\t\t<\/div>\n\t\t","protected":false},"excerpt":{"rendered":"<p>M\u00fazeumpedag\u00f3giai foglalkoz\u00e1sok M\u00e1jusban \u00e9s j\u00faniusban \u00e1ltal\u00e1nos \u00e9s k\u00f6z\u00e9piskol\u00e1s di\u00e1kok sz\u00e1m\u00e1ra szervezt\u00fcnk m\u00fazeumpedag\u00f3giai foglalkoz\u00e1sokat. Megn\u00e9zt\u00fck vel\u00fck a Befogad\u00e1s H\u00e1za lak\u00f3i sz\u00e1m\u00e1ra szervezett m\u0171v\u00e9szetter\u00e1pi\u00e1s foglalkoz\u00e1sokon k\u00e9sz\u00fclt alkot\u00e1sokat, illetve a foglalkoz\u00e1sokr\u00f3l k\u00e9sz\u00edtett fotogr\u00e1fi\u00e1kat. A ki\u00e1ll\u00edt\u00e1sok, a besz\u00e9lget\u00e9sek a gyerekeket is inspir\u00e1lt\u00e1k, \u00e9s fantasztikus aj\u00e1nd\u00e9k-alkot\u00e1sok is sz\u00fclettek. Az esem\u00e9ny a VEB2023 EKF-program t\u00e1mogat\u00e1s\u00e1val val\u00f3sulhatott meg. Vissza K\u00f6z\u00f6ss\u00e9gi m\u00e9dia Facebook-f [&hellip;]<\/p>\n","protected":false},"author":1,"featured_media":0,"parent":391,"menu_order":0,"comment_status":"closed","ping_status":"closed","template":"","meta":{"ngg_post_thumbnail":0,"ocean_post_layout":"","ocean_both_sidebars_style":"","ocean_both_sidebars_content_width":0,"ocean_both_sidebars_sidebars_width":0,"ocean_sidebar":"","ocean_second_sidebar":"","ocean_disable_margins":"enable","ocean_add_body_class":"","ocean_shortcode_before_top_bar":"","ocean_shortcode_after_top_bar":"","ocean_shortcode_before_header":"","ocean_shortcode_after_header":"","ocean_has_shortcode":"","ocean_shortcode_after_title":"","ocean_shortcode_before_footer_widgets":"","ocean_shortcode_after_footer_widgets":"","ocean_shortcode_before_footer_bottom":"","ocean_shortcode_after_footer_bottom":"","ocean_display_top_bar":"off","ocean_display_header":"default","ocean_header_style":"","ocean_center_header_left_menu":"","ocean_custom_header_template":"","ocean_custom_logo":0,"ocean_custom_retina_logo":0,"ocean_custom_logo_max_width":0,"ocean_custom_logo_tablet_max_width":0,"ocean_custom_logo_mobile_max_width":0,"ocean_custom_logo_max_height":0,"ocean_custom_logo_tablet_max_height":0,"ocean_custom_logo_mobile_max_height":0,"ocean_header_custom_menu":"","ocean_menu_typo_font_family":"","ocean_menu_typo_font_subset":"","ocean_menu_typo_font_size":0,"ocean_menu_typo_font_size_tablet":0,"ocean_menu_typo_font_size_mobile":0,"ocean_menu_typo_font_size_unit":"px","ocean_menu_typo_font_weight":"","ocean_menu_typo_font_weight_tablet":"","ocean_menu_typo_font_weight_mobile":"","ocean_menu_typo_transform":"","ocean_menu_typo_transform_tablet":"","ocean_menu_typo_transform_mobile":"","ocean_menu_typo_line_height":0,"ocean_menu_typo_line_height_tablet":0,"ocean_menu_typo_line_height_mobile":0,"ocean_menu_typo_line_height_unit":"","ocean_menu_typo_spacing":0,"ocean_menu_typo_spacing_tablet":0,"ocean_menu_typo_spacing_mobile":0,"ocean_menu_typo_spacing_unit":"","ocean_menu_link_color":"","ocean_menu_link_color_hover":"","ocean_menu_link_color_active":"","ocean_menu_link_background":"","ocean_menu_link_hover_background":"","ocean_menu_link_active_background":"","ocean_menu_social_links_bg":"","ocean_menu_social_hover_links_bg":"","ocean_menu_social_links_color":"","ocean_menu_social_hover_links_color":"","ocean_disable_title":"on","ocean_disable_heading":"default","ocean_post_title":"","ocean_post_subheading":"","ocean_post_title_style":"","ocean_post_title_background_color":"","ocean_post_title_background":0,"ocean_post_title_bg_image_position":"","ocean_post_title_bg_image_attachment":"","ocean_post_title_bg_image_repeat":"","ocean_post_title_bg_image_size":"","ocean_post_title_height":0,"ocean_post_title_bg_overlay":0.5,"ocean_post_title_bg_overlay_color":"","ocean_disable_breadcrumbs":"default","ocean_breadcrumbs_color":"","ocean_breadcrumbs_separator_color":"","ocean_breadcrumbs_links_color":"","ocean_breadcrumbs_links_hover_color":"","ocean_display_footer_widgets":"default","ocean_display_footer_bottom":"default","ocean_custom_footer_template":"","footnotes":""},"class_list":["post-1284","page","type-page","status-publish","hentry","entry"],"_links":{"self":[{"href":"https:\/\/finartdesign.hu\/wordpress\/wp-json\/wp\/v2\/pages\/1284","targetHints":{"allow":["GET"]}}],"collection":[{"href":"https:\/\/finartdesign.hu\/wordpress\/wp-json\/wp\/v2\/pages"}],"about":[{"href":"https:\/\/finartdesign.hu\/wordpress\/wp-json\/wp\/v2\/types\/page"}],"author":[{"embeddable":true,"href":"https:\/\/finartdesign.hu\/wordpress\/wp-json\/wp\/v2\/users\/1"}],"replies":[{"embeddable":true,"href":"https:\/\/finartdesign.hu\/wordpress\/wp-json\/wp\/v2\/comments?post=1284"}],"version-history":[{"count":8,"href":"https:\/\/finartdesign.hu\/wordpress\/wp-json\/wp\/v2\/pages\/1284\/revisions"}],"predecessor-version":[{"id":1295,"href":"https:\/\/finartdesign.hu\/wordpress\/wp-json\/wp\/v2\/pages\/1284\/revisions\/1295"}],"up":[{"embeddable":true,"href":"https:\/\/finartdesign.hu\/wordpress\/wp-json\/wp\/v2\/pages\/391"}],"wp:attachment":[{"href":"https:\/\/finartdesign.hu\/wordpress\/wp-json\/wp\/v2\/media?parent=1284"}],"curies":[{"name":"wp","href":"https:\/\/api.w.org\/{rel}","templated":true}]}}