{"id":1084,"date":"2023-04-22T07:52:05","date_gmt":"2023-04-22T05:52:05","guid":{"rendered":"https:\/\/finartdesign.hu\/wordpress\/?page_id=1084"},"modified":"2024-04-02T07:48:14","modified_gmt":"2024-04-02T05:48:14","slug":"kiallitas-a-hajlektalanok-alkotasaibol","status":"publish","type":"page","link":"https:\/\/finartdesign.hu\/wordpress\/kiallitas-a-hajlektalanok-alkotasaibol\/","title":{"rendered":"Ki\u00e1ll\u00edt\u00e1s a hajl\u00e9ktalanok alkot\u00e1saib\u00f3l"},"content":{"rendered":"\t\t<div data-elementor-type=\"wp-page\" data-elementor-id=\"1084\" class=\"elementor elementor-1084\">\n\t\t\t\t\t\t<section class=\"elementor-section elementor-top-section elementor-element elementor-element-651c9489 elementor-section-boxed elementor-section-height-default elementor-section-height-default\" data-id=\"651c9489\" data-element_type=\"section\">\n\t\t\t\t\t\t<div class=\"elementor-container elementor-column-gap-default\">\n\t\t\t\t\t<div class=\"elementor-column elementor-col-100 elementor-top-column elementor-element elementor-element-4dddfdae\" data-id=\"4dddfdae\" data-element_type=\"column\">\n\t\t\t<div class=\"elementor-widget-wrap elementor-element-populated\">\n\t\t\t\t\t\t<div class=\"elementor-element elementor-element-270c7517 elementor-widget elementor-widget-spacer\" data-id=\"270c7517\" data-element_type=\"widget\" data-widget_type=\"spacer.default\">\n\t\t\t\t<div class=\"elementor-widget-container\">\n\t\t\t\t\t\t\t<div class=\"elementor-spacer\">\n\t\t\t<div class=\"elementor-spacer-inner\"><\/div>\n\t\t<\/div>\n\t\t\t\t\t\t<\/div>\n\t\t\t\t<\/div>\n\t\t\t\t\t<\/div>\n\t\t<\/div>\n\t\t\t\t\t<\/div>\n\t\t<\/section>\n\t\t\t\t<section class=\"elementor-section elementor-top-section elementor-element elementor-element-5e9cbb42 elementor-section-boxed elementor-section-height-default elementor-section-height-default\" data-id=\"5e9cbb42\" data-element_type=\"section\">\n\t\t\t\t\t\t<div class=\"elementor-container elementor-column-gap-default\">\n\t\t\t\t\t<div class=\"elementor-column elementor-col-100 elementor-top-column elementor-element elementor-element-7e5baae6\" data-id=\"7e5baae6\" data-element_type=\"column\">\n\t\t\t<div class=\"elementor-widget-wrap elementor-element-populated\">\n\t\t\t\t\t\t<div class=\"elementor-element elementor-element-6be098c0 elementor-invisible elementor-widget elementor-widget-heading\" data-id=\"6be098c0\" data-element_type=\"widget\" data-settings=\"{&quot;_animation&quot;:&quot;fadeInLeft&quot;}\" data-widget_type=\"heading.default\">\n\t\t\t\t<div class=\"elementor-widget-container\">\n\t\t\t\t\t<h2 class=\"elementor-heading-title elementor-size-default\">Ki\u00e1ll\u00edt\u00e1s a hajl\u00e9ktalanok alkot\u00e1saib\u00f3l<\/h2>\t\t\t\t<\/div>\n\t\t\t\t<\/div>\n\t\t\t\t\t<\/div>\n\t\t<\/div>\n\t\t\t\t\t<\/div>\n\t\t<\/section>\n\t\t\t\t<section class=\"elementor-section elementor-top-section elementor-element elementor-element-6a232047 elementor-section-boxed elementor-section-height-default elementor-section-height-default\" data-id=\"6a232047\" data-element_type=\"section\">\n\t\t\t\t\t\t<div class=\"elementor-container elementor-column-gap-default\">\n\t\t\t\t\t<div class=\"elementor-column elementor-col-100 elementor-top-column elementor-element elementor-element-4e4439b0\" data-id=\"4e4439b0\" data-element_type=\"column\">\n\t\t\t<div class=\"elementor-widget-wrap elementor-element-populated\">\n\t\t\t\t\t\t<div class=\"elementor-element elementor-element-6160a315 elementor-invisible elementor-widget elementor-widget-text-editor\" data-id=\"6160a315\" data-element_type=\"widget\" data-settings=\"{&quot;_animation&quot;:&quot;fadeInLeft&quot;,&quot;_animation_delay&quot;:200}\" data-widget_type=\"text-editor.default\">\n\t\t\t\t<div class=\"elementor-widget-container\">\n\t\t\t\t\t\t\t\t\t<p>2023. m\u00e1jus 20-i megnyit\u00f3t k\u00f6vet\u0151en j\u00fanius 17-ig volt l\u00e1togathat\u00f3 a M\u0171v\u00e9szetek H\u00e1za Veszpr\u00e9m Dubniczay-palota\/Magt\u00e1r ki\u00e1ll\u00edt\u00f3ter\u00e9ben szervezett ki\u00e1ll\u00edt\u00e1s, ahol az \u00e9rdekl\u0151d\u0151k megtekinthett\u00e9k a veszpr\u00e9mi Befogad\u00e1s H\u00e1z\u00e1ban tartott m\u0171v\u00e9szetter\u00e1pi\u00e1s foglalkoz\u00e1sokon sz\u00fcletett alkot\u00e1sokat. <br \/>Az esem\u00e9ny a VEB2023 EKF-program t\u00e1mogat\u00e1s\u00e1val val\u00f3sulhatott meg.<\/p>\t\t\t\t\t\t\t\t<\/div>\n\t\t\t\t<\/div>\n\t\t\t\t<div class=\"elementor-element elementor-element-46c54f62 elementor-widget elementor-widget-spacer\" data-id=\"46c54f62\" data-element_type=\"widget\" data-widget_type=\"spacer.default\">\n\t\t\t\t<div class=\"elementor-widget-container\">\n\t\t\t\t\t\t\t<div class=\"elementor-spacer\">\n\t\t\t<div class=\"elementor-spacer-inner\"><\/div>\n\t\t<\/div>\n\t\t\t\t\t\t<\/div>\n\t\t\t\t<\/div>\n\t\t\t\t\t<\/div>\n\t\t<\/div>\n\t\t\t\t\t<\/div>\n\t\t<\/section>\n\t\t\t\t<section class=\"elementor-section elementor-top-section elementor-element elementor-element-d3943e2 elementor-section-boxed elementor-section-height-default elementor-section-height-default elementor-invisible\" data-id=\"d3943e2\" data-element_type=\"section\" data-settings=\"{&quot;animation&quot;:&quot;fadeInUp&quot;,&quot;animation_delay&quot;:1000}\">\n\t\t\t\t\t\t<div class=\"elementor-container elementor-column-gap-default\">\n\t\t\t\t\t<div class=\"elementor-column elementor-col-100 elementor-top-column elementor-element elementor-element-292136d\" data-id=\"292136d\" data-element_type=\"column\">\n\t\t\t<div class=\"elementor-widget-wrap elementor-element-populated\">\n\t\t\t\t\t\t<div class=\"elementor-element elementor-element-df72204 elementor-widget elementor-widget-image\" data-id=\"df72204\" data-element_type=\"widget\" data-widget_type=\"image.default\">\n\t\t\t\t<div class=\"elementor-widget-container\">\n\t\t\t\t\t\t\t\t\t\t\t\t\t\t\t<img fetchpriority=\"high\" decoding=\"async\" width=\"900\" height=\"630\" src=\"https:\/\/finartdesign.hu\/wordpress\/wp-content\/uploads\/2024\/04\/Kiallitas-a-hajlektalanok-alkotasaibol-02.jpg\" class=\"attachment-full size-full wp-image-1312\" alt=\"\" srcset=\"https:\/\/finartdesign.hu\/wordpress\/wp-content\/uploads\/2024\/04\/Kiallitas-a-hajlektalanok-alkotasaibol-02.jpg 900w, https:\/\/finartdesign.hu\/wordpress\/wp-content\/uploads\/2024\/04\/Kiallitas-a-hajlektalanok-alkotasaibol-02-300x210.jpg 300w, https:\/\/finartdesign.hu\/wordpress\/wp-content\/uploads\/2024\/04\/Kiallitas-a-hajlektalanok-alkotasaibol-02-768x538.jpg 768w\" sizes=\"(max-width: 900px) 100vw, 900px\" \/>\t\t\t\t\t\t\t\t\t\t\t\t\t\t\t<\/div>\n\t\t\t\t<\/div>\n\t\t\t\t\t<\/div>\n\t\t<\/div>\n\t\t\t\t\t<\/div>\n\t\t<\/section>\n\t\t\t\t<section class=\"elementor-section elementor-top-section elementor-element elementor-element-24a6289 elementor-section-boxed elementor-section-height-default elementor-section-height-default\" data-id=\"24a6289\" data-element_type=\"section\">\n\t\t\t\t\t\t<div class=\"elementor-container elementor-column-gap-default\">\n\t\t\t\t\t<div class=\"elementor-column elementor-col-100 elementor-top-column elementor-element elementor-element-a4b35b1\" data-id=\"a4b35b1\" data-element_type=\"column\">\n\t\t\t<div class=\"elementor-widget-wrap elementor-element-populated\">\n\t\t\t\t\t\t<div class=\"elementor-element elementor-element-9cf8b0c elementor-widget elementor-widget-button\" data-id=\"9cf8b0c\" data-element_type=\"widget\" data-widget_type=\"button.default\">\n\t\t\t\t<div class=\"elementor-widget-container\">\n\t\t\t\t\t\t\t\t\t<div class=\"elementor-button-wrapper\">\n\t\t\t\t\t<a class=\"elementor-button elementor-button-link elementor-size-sm\" href=\"https:\/\/finartdesign.hu\/wordpress\/esemenyek\/\">\n\t\t\t\t\t\t<span class=\"elementor-button-content-wrapper\">\n\t\t\t\t\t\t\t\t\t<span class=\"elementor-button-text\">Vissza<\/span>\n\t\t\t\t\t<\/span>\n\t\t\t\t\t<\/a>\n\t\t\t\t<\/div>\n\t\t\t\t\t\t\t\t<\/div>\n\t\t\t\t<\/div>\n\t\t\t\t<div class=\"elementor-element elementor-element-512392a elementor-widget elementor-widget-spacer\" data-id=\"512392a\" data-element_type=\"widget\" data-widget_type=\"spacer.default\">\n\t\t\t\t<div class=\"elementor-widget-container\">\n\t\t\t\t\t\t\t<div class=\"elementor-spacer\">\n\t\t\t<div class=\"elementor-spacer-inner\"><\/div>\n\t\t<\/div>\n\t\t\t\t\t\t<\/div>\n\t\t\t\t<\/div>\n\t\t\t\t\t<\/div>\n\t\t<\/div>\n\t\t\t\t\t<\/div>\n\t\t<\/section>\n\t\t\t\t<section class=\"elementor-section elementor-top-section elementor-element elementor-element-65faba4 elementor-section-content-top elementor-section-boxed elementor-section-height-default elementor-section-height-default\" data-id=\"65faba4\" data-element_type=\"section\" data-settings=\"{&quot;background_background&quot;:&quot;classic&quot;}\">\n\t\t\t\t\t\t<div class=\"elementor-container elementor-column-gap-default\">\n\t\t\t\t\t<div class=\"elementor-column elementor-col-33 elementor-top-column elementor-element elementor-element-379c7abb\" data-id=\"379c7abb\" data-element_type=\"column\">\n\t\t\t<div class=\"elementor-widget-wrap elementor-element-populated\">\n\t\t\t\t\t\t<div class=\"elementor-element elementor-element-2bae820 elementor-widget elementor-widget-heading\" data-id=\"2bae820\" data-element_type=\"widget\" data-widget_type=\"heading.default\">\n\t\t\t\t<div class=\"elementor-widget-container\">\n\t\t\t\t\t<h2 class=\"elementor-heading-title elementor-size-default\">K\u00f6z\u00f6ss\u00e9gi m\u00e9dia<\/h2>\t\t\t\t<\/div>\n\t\t\t\t<\/div>\n\t\t\t\t<div class=\"elementor-element elementor-element-77c5e54 e-grid-align-mobile-center elementor-shape-rounded elementor-grid-0 elementor-widget elementor-widget-social-icons\" data-id=\"77c5e54\" data-element_type=\"widget\" data-widget_type=\"social-icons.default\">\n\t\t\t\t<div class=\"elementor-widget-container\">\n\t\t\t\t\t\t\t<div class=\"elementor-social-icons-wrapper elementor-grid\" role=\"list\">\n\t\t\t\t\t\t\t<span class=\"elementor-grid-item\" role=\"listitem\">\n\t\t\t\t\t<a class=\"elementor-icon elementor-social-icon elementor-social-icon-facebook-f elementor-animation-float elementor-repeater-item-b0a5f71\" href=\"https:\/\/www.facebook.com\/people\/Otthonra-tal%C3%A1lni-a-m%C5%B1v%C3%A9szetben\/100088530644367\/\" target=\"_blank\">\n\t\t\t\t\t\t<span class=\"elementor-screen-only\">Facebook-f<\/span>\n\t\t\t\t\t\t<i class=\"fab fa-facebook-f\"><\/i>\t\t\t\t\t<\/a>\n\t\t\t\t<\/span>\n\t\t\t\t\t\t\t<span class=\"elementor-grid-item\" role=\"listitem\">\n\t\t\t\t\t<a class=\"elementor-icon elementor-social-icon elementor-social-icon-envelope elementor-animation-float elementor-repeater-item-ec877e9\" href=\"mailto:ladonyizsuzsa@gmail.com\" target=\"_blank\">\n\t\t\t\t\t\t<span class=\"elementor-screen-only\">Envelope<\/span>\n\t\t\t\t\t\t<i class=\"fas fa-envelope\"><\/i>\t\t\t\t\t<\/a>\n\t\t\t\t<\/span>\n\t\t\t\t\t<\/div>\n\t\t\t\t\t\t<\/div>\n\t\t\t\t<\/div>\n\t\t\t\t<div class=\"elementor-element elementor-element-4a4604ae elementor-widget-divider--view-line elementor-widget elementor-widget-divider\" data-id=\"4a4604ae\" data-element_type=\"widget\" data-widget_type=\"divider.default\">\n\t\t\t\t<div class=\"elementor-widget-container\">\n\t\t\t\t\t\t\t<div class=\"elementor-divider\">\n\t\t\t<span class=\"elementor-divider-separator\">\n\t\t\t\t\t\t<\/span>\n\t\t<\/div>\n\t\t\t\t\t\t<\/div>\n\t\t\t\t<\/div>\n\t\t\t\t<div class=\"elementor-element elementor-element-122504 elementor-widget elementor-widget-image\" data-id=\"122504\" data-element_type=\"widget\" data-widget_type=\"image.default\">\n\t\t\t\t<div class=\"elementor-widget-container\">\n\t\t\t\t\t\t\t\t\t\t\t\t\t\t\t<img decoding=\"async\" src=\"https:\/\/finartdesign.hu\/wordpress\/wp-content\/uploads\/elementor\/thumbs\/VEB2023-logo_hu_website_lablec_feher_130x280px-q1gclwv6k9ofrcbk3wxpaje4c9juc2wvah9ylemznk.png\" title=\"VEB2023-logo_hu_website_lablec_feher_130x280px\" alt=\"VEB2023-logo_hu_website_lablec_feher_130x280px\" loading=\"lazy\" \/>\t\t\t\t\t\t\t\t\t\t\t\t\t\t\t<\/div>\n\t\t\t\t<\/div>\n\t\t\t\t\t<\/div>\n\t\t<\/div>\n\t\t\t\t<div class=\"elementor-column elementor-col-33 elementor-top-column elementor-element elementor-element-4ac835a8\" data-id=\"4ac835a8\" data-element_type=\"column\">\n\t\t\t<div class=\"elementor-widget-wrap elementor-element-populated\">\n\t\t\t\t\t\t<div class=\"elementor-element elementor-element-18fc7ef1 elementor-widget elementor-widget-heading\" data-id=\"18fc7ef1\" data-element_type=\"widget\" data-widget_type=\"heading.default\">\n\t\t\t\t<div class=\"elementor-widget-container\">\n\t\t\t\t\t<h2 class=\"elementor-heading-title elementor-size-default\">Projektmenedzser<\/h2>\t\t\t\t<\/div>\n\t\t\t\t<\/div>\n\t\t\t\t<div class=\"elementor-element elementor-element-fea0de9 elementor-widget elementor-widget-text-editor\" data-id=\"fea0de9\" data-element_type=\"widget\" data-widget_type=\"text-editor.default\">\n\t\t\t\t<div class=\"elementor-widget-container\">\n\t\t\t\t\t\t\t\t\t<p>L\u00e1donyi Zsuzsanna<br \/>+36 30 2514940<br \/>ladonyizsuzsa@gmail.com<\/p>\t\t\t\t\t\t\t\t<\/div>\n\t\t\t\t<\/div>\n\t\t\t\t<div class=\"elementor-element elementor-element-7566e480 elementor-widget elementor-widget-image\" data-id=\"7566e480\" data-element_type=\"widget\" data-widget_type=\"image.default\">\n\t\t\t\t<div class=\"elementor-widget-container\">\n\t\t\t\t\t\t\t\t\t\t\t\t\t\t\t<img decoding=\"async\" width=\"542\" height=\"140\" src=\"https:\/\/finartdesign.hu\/wordpress\/wp-content\/uploads\/2023\/02\/Muveszetek-haza-logo-01.jpg\" class=\"attachment-full size-full wp-image-884\" alt=\"\" srcset=\"https:\/\/finartdesign.hu\/wordpress\/wp-content\/uploads\/2023\/02\/Muveszetek-haza-logo-01.jpg 542w, https:\/\/finartdesign.hu\/wordpress\/wp-content\/uploads\/2023\/02\/Muveszetek-haza-logo-01-300x77.jpg 300w\" sizes=\"(max-width: 542px) 100vw, 542px\" \/>\t\t\t\t\t\t\t\t\t\t\t\t\t\t\t<\/div>\n\t\t\t\t<\/div>\n\t\t\t\t<div class=\"elementor-element elementor-element-27c79dd5 elementor-widget elementor-widget-image\" data-id=\"27c79dd5\" data-element_type=\"widget\" data-widget_type=\"image.default\">\n\t\t\t\t<div class=\"elementor-widget-container\">\n\t\t\t\t\t\t\t\t\t\t\t\t\t\t\t<img decoding=\"async\" src=\"https:\/\/finartdesign.hu\/wordpress\/wp-content\/uploads\/elementor\/thumbs\/Malta_logo-q371vhz43ynox4e9s93rem8ojq5laazjcleu7wnwg0.png\" title=\"M\u00e1lta_logo\" alt=\"M\u00e1lta_logo\" loading=\"lazy\" \/>\t\t\t\t\t\t\t\t\t\t\t\t\t\t\t<\/div>\n\t\t\t\t<\/div>\n\t\t\t\t\t<\/div>\n\t\t<\/div>\n\t\t\t\t<div class=\"elementor-column elementor-col-33 elementor-top-column elementor-element elementor-element-343080ae\" data-id=\"343080ae\" data-element_type=\"column\">\n\t\t\t<div class=\"elementor-widget-wrap elementor-element-populated\">\n\t\t\t\t\t\t<div class=\"elementor-element elementor-element-1bddf3ea elementor-widget elementor-widget-image\" data-id=\"1bddf3ea\" data-element_type=\"widget\" data-widget_type=\"image.default\">\n\t\t\t\t<div class=\"elementor-widget-container\">\n\t\t\t\t\t\t\t\t\t\t\t\t\t\t\t<img decoding=\"async\" width=\"300\" height=\"300\" src=\"https:\/\/finartdesign.hu\/wordpress\/wp-content\/uploads\/2023\/01\/Otthonra-talalni-a-muveszetben-LOGO-LF-13_PS-300x300.gif\" class=\"attachment-medium size-medium wp-image-173\" alt=\"\" srcset=\"https:\/\/finartdesign.hu\/wordpress\/wp-content\/uploads\/2023\/01\/Otthonra-talalni-a-muveszetben-LOGO-LF-13_PS-300x300.gif 300w, https:\/\/finartdesign.hu\/wordpress\/wp-content\/uploads\/2023\/01\/Otthonra-talalni-a-muveszetben-LOGO-LF-13_PS-150x150.gif 150w, https:\/\/finartdesign.hu\/wordpress\/wp-content\/uploads\/2023\/01\/elementor\/thumbs\/Otthonra-talalni-a-muveszetben-LOGO-LF-13_PS-q1elqqwhh3hx3t0t9wjzcqihphkyds723d8swxl3c4.gif 170w, https:\/\/finartdesign.hu\/wordpress\/wp-content\/uploads\/2023\/01\/elementor\/thumbs\/Otthonra-talalni-a-muveszetben-LOGO-LF-13_PS-q1elqqwhgnpjzmjh4pqvbz4iapqmzv5wfnecnioiqi.gif 169w, https:\/\/finartdesign.hu\/wordpress\/wp-content\/uploads\/2023\/01\/elementor\/thumbs\/Otthonra-talalni-a-muveszetben-LOGO-LF-13_PS-q1elqqwhu94ul7gxlktbzk600oufzb5ruwmcrcq9cg.gif 200w, https:\/\/finartdesign.hu\/wordpress\/wp-content\/uploads\/2023\/01\/elementor\/thumbs\/Otthonra-talalni-a-muveszetben-LOGO-LF-13_PS-q1elqqwibsnf8eqfd55stzpcfmj3g0g27mgf7wx5cw.gif 240w\" sizes=\"(max-width: 300px) 100vw, 300px\" \/>\t\t\t\t\t\t\t\t\t\t\t\t\t\t\t<\/div>\n\t\t\t\t<\/div>\n\t\t\t\t<div class=\"elementor-element elementor-element-367f5971 elementor-widget elementor-widget-image\" data-id=\"367f5971\" data-element_type=\"widget\" data-widget_type=\"image.default\">\n\t\t\t\t<div class=\"elementor-widget-container\">\n\t\t\t\t\t\t\t\t\t\t\t\t\t\t\t<img decoding=\"async\" src=\"https:\/\/finartdesign.hu\/wordpress\/wp-content\/uploads\/elementor\/thumbs\/Finart-logo-nagy-e1678156896690-q357l2gapdtbmaorl0b5woi883hrewmb1j4o68dips.gif\" title=\"Finart-logo-nagy\" alt=\"Finart-logo-nagy\" loading=\"lazy\" \/>\t\t\t\t\t\t\t\t\t\t\t\t\t\t\t<\/div>\n\t\t\t\t<\/div>\n\t\t\t\t\t<\/div>\n\t\t<\/div>\n\t\t\t\t\t<\/div>\n\t\t<\/section>\n\t\t\t\t<\/div>\n\t\t","protected":false},"excerpt":{"rendered":"<p>Ki\u00e1ll\u00edt\u00e1s a hajl\u00e9ktalanok alkot\u00e1saib\u00f3l 2023. m\u00e1jus 20-i megnyit\u00f3t k\u00f6vet\u0151en j\u00fanius 17-ig volt l\u00e1togathat\u00f3 a M\u0171v\u00e9szetek H\u00e1za Veszpr\u00e9m Dubniczay-palota\/Magt\u00e1r ki\u00e1ll\u00edt\u00f3ter\u00e9ben szervezett ki\u00e1ll\u00edt\u00e1s, ahol az \u00e9rdekl\u0151d\u0151k megtekinthett\u00e9k a veszpr\u00e9mi Befogad\u00e1s H\u00e1z\u00e1ban tartott m\u0171v\u00e9szetter\u00e1pi\u00e1s foglalkoz\u00e1sokon sz\u00fcletett alkot\u00e1sokat. Az esem\u00e9ny a VEB2023 EKF-program t\u00e1mogat\u00e1s\u00e1val val\u00f3sulhatott meg. Vissza K\u00f6z\u00f6ss\u00e9gi m\u00e9dia Facebook-f Envelope Projektmenedzser L\u00e1donyi Zsuzsanna+36 30 2514940ladonyizsuzsa@gmail.com<\/p>\n","protected":false},"author":1,"featured_media":0,"parent":0,"menu_order":0,"comment_status":"closed","ping_status":"closed","template":"","meta":{"ngg_post_thumbnail":0,"ocean_post_layout":"","ocean_both_sidebars_style":"","ocean_both_sidebars_content_width":0,"ocean_both_sidebars_sidebars_width":0,"ocean_sidebar":"0","ocean_second_sidebar":"0","ocean_disable_margins":"enable","ocean_add_body_class":"","ocean_shortcode_before_top_bar":"","ocean_shortcode_after_top_bar":"","ocean_shortcode_before_header":"","ocean_shortcode_after_header":"","ocean_has_shortcode":"","ocean_shortcode_after_title":"","ocean_shortcode_before_footer_widgets":"","ocean_shortcode_after_footer_widgets":"","ocean_shortcode_before_footer_bottom":"","ocean_shortcode_after_footer_bottom":"","ocean_display_top_bar":"off","ocean_display_header":"default","ocean_header_style":"","ocean_center_header_left_menu":"0","ocean_custom_header_template":"0","ocean_custom_logo":0,"ocean_custom_retina_logo":0,"ocean_custom_logo_max_width":0,"ocean_custom_logo_tablet_max_width":0,"ocean_custom_logo_mobile_max_width":0,"ocean_custom_logo_max_height":0,"ocean_custom_logo_tablet_max_height":0,"ocean_custom_logo_mobile_max_height":0,"ocean_header_custom_menu":"0","ocean_menu_typo_font_family":"0","ocean_menu_typo_font_subset":"","ocean_menu_typo_font_size":0,"ocean_menu_typo_font_size_tablet":0,"ocean_menu_typo_font_size_mobile":0,"ocean_menu_typo_font_size_unit":"px","ocean_menu_typo_font_weight":"","ocean_menu_typo_font_weight_tablet":"","ocean_menu_typo_font_weight_mobile":"","ocean_menu_typo_transform":"","ocean_menu_typo_transform_tablet":"","ocean_menu_typo_transform_mobile":"","ocean_menu_typo_line_height":0,"ocean_menu_typo_line_height_tablet":0,"ocean_menu_typo_line_height_mobile":0,"ocean_menu_typo_line_height_unit":"","ocean_menu_typo_spacing":0,"ocean_menu_typo_spacing_tablet":0,"ocean_menu_typo_spacing_mobile":0,"ocean_menu_typo_spacing_unit":"","ocean_menu_link_color":"","ocean_menu_link_color_hover":"","ocean_menu_link_color_active":"","ocean_menu_link_background":"","ocean_menu_link_hover_background":"","ocean_menu_link_active_background":"","ocean_menu_social_links_bg":"","ocean_menu_social_hover_links_bg":"","ocean_menu_social_links_color":"","ocean_menu_social_hover_links_color":"","ocean_disable_title":"on","ocean_disable_heading":"default","ocean_post_title":"","ocean_post_subheading":"","ocean_post_title_style":"","ocean_post_title_background_color":"","ocean_post_title_background":0,"ocean_post_title_bg_image_position":"","ocean_post_title_bg_image_attachment":"","ocean_post_title_bg_image_repeat":"","ocean_post_title_bg_image_size":"","ocean_post_title_height":0,"ocean_post_title_bg_overlay":0.5,"ocean_post_title_bg_overlay_color":"","ocean_disable_breadcrumbs":"default","ocean_breadcrumbs_color":"","ocean_breadcrumbs_separator_color":"","ocean_breadcrumbs_links_color":"","ocean_breadcrumbs_links_hover_color":"","ocean_display_footer_widgets":"off","ocean_display_footer_bottom":"off","ocean_custom_footer_template":"0","footnotes":""},"class_list":["post-1084","page","type-page","status-publish","hentry","entry"],"_links":{"self":[{"href":"https:\/\/finartdesign.hu\/wordpress\/wp-json\/wp\/v2\/pages\/1084","targetHints":{"allow":["GET"]}}],"collection":[{"href":"https:\/\/finartdesign.hu\/wordpress\/wp-json\/wp\/v2\/pages"}],"about":[{"href":"https:\/\/finartdesign.hu\/wordpress\/wp-json\/wp\/v2\/types\/page"}],"author":[{"embeddable":true,"href":"https:\/\/finartdesign.hu\/wordpress\/wp-json\/wp\/v2\/users\/1"}],"replies":[{"embeddable":true,"href":"https:\/\/finartdesign.hu\/wordpress\/wp-json\/wp\/v2\/comments?post=1084"}],"version-history":[{"count":8,"href":"https:\/\/finartdesign.hu\/wordpress\/wp-json\/wp\/v2\/pages\/1084\/revisions"}],"predecessor-version":[{"id":1315,"href":"https:\/\/finartdesign.hu\/wordpress\/wp-json\/wp\/v2\/pages\/1084\/revisions\/1315"}],"wp:attachment":[{"href":"https:\/\/finartdesign.hu\/wordpress\/wp-json\/wp\/v2\/media?parent=1084"}],"curies":[{"name":"wp","href":"https:\/\/api.w.org\/{rel}","templated":true}]}}