{"id":1018,"date":"2023-04-22T05:50:26","date_gmt":"2023-04-22T03:50:26","guid":{"rendered":"https:\/\/finartdesign.hu\/wordpress\/?page_id=1018"},"modified":"2024-04-02T07:33:30","modified_gmt":"2024-04-02T05:33:30","slug":"fotokiallitas-a-hajlektalanok-alkotasi-folyamatarol","status":"publish","type":"page","link":"https:\/\/finartdesign.hu\/wordpress\/esemenyek\/fotokiallitas-a-hajlektalanok-alkotasi-folyamatarol\/","title":{"rendered":"Fot\u00f3ki\u00e1ll\u00edt\u00e1s a hajl\u00e9ktalanok alkot\u00e1si folyamat\u00e1r\u00f3l"},"content":{"rendered":"\t\t<div data-elementor-type=\"wp-page\" data-elementor-id=\"1018\" class=\"elementor elementor-1018\">\n\t\t\t\t\t\t<section class=\"elementor-section elementor-top-section elementor-element elementor-element-6623bbfa elementor-section-boxed elementor-section-height-default elementor-section-height-default\" data-id=\"6623bbfa\" data-element_type=\"section\">\n\t\t\t\t\t\t<div class=\"elementor-container elementor-column-gap-default\">\n\t\t\t\t\t<div class=\"elementor-column elementor-col-100 elementor-top-column elementor-element elementor-element-5d13447d\" data-id=\"5d13447d\" data-element_type=\"column\">\n\t\t\t<div class=\"elementor-widget-wrap elementor-element-populated\">\n\t\t\t\t\t\t<div class=\"elementor-element elementor-element-54c53970 elementor-widget elementor-widget-spacer\" data-id=\"54c53970\" data-element_type=\"widget\" data-widget_type=\"spacer.default\">\n\t\t\t\t<div class=\"elementor-widget-container\">\n\t\t\t\t\t\t\t<div class=\"elementor-spacer\">\n\t\t\t<div class=\"elementor-spacer-inner\"><\/div>\n\t\t<\/div>\n\t\t\t\t\t\t<\/div>\n\t\t\t\t<\/div>\n\t\t\t\t\t<\/div>\n\t\t<\/div>\n\t\t\t\t\t<\/div>\n\t\t<\/section>\n\t\t\t\t<section class=\"elementor-section elementor-top-section elementor-element elementor-element-19f6289d elementor-section-boxed elementor-section-height-default elementor-section-height-default\" data-id=\"19f6289d\" data-element_type=\"section\">\n\t\t\t\t\t\t<div class=\"elementor-container elementor-column-gap-default\">\n\t\t\t\t\t<div class=\"elementor-column elementor-col-100 elementor-top-column elementor-element elementor-element-67875ff2\" data-id=\"67875ff2\" data-element_type=\"column\">\n\t\t\t<div class=\"elementor-widget-wrap elementor-element-populated\">\n\t\t\t\t\t\t<div class=\"elementor-element elementor-element-4fe5250f elementor-invisible elementor-widget elementor-widget-heading\" data-id=\"4fe5250f\" data-element_type=\"widget\" data-settings=\"{&quot;_animation&quot;:&quot;fadeInLeft&quot;}\" data-widget_type=\"heading.default\">\n\t\t\t\t<div class=\"elementor-widget-container\">\n\t\t\t\t\t<h2 class=\"elementor-heading-title elementor-size-default\">Fot\u00f3ki\u00e1ll\u00edt\u00e1s a hajl\u00e9ktalanok alkot\u00e1si folyamat\u00e1r\u00f3l<\/h2>\t\t\t\t<\/div>\n\t\t\t\t<\/div>\n\t\t\t\t\t<\/div>\n\t\t<\/div>\n\t\t\t\t\t<\/div>\n\t\t<\/section>\n\t\t\t\t<section class=\"elementor-section elementor-top-section elementor-element elementor-element-1dc803b5 elementor-section-boxed elementor-section-height-default elementor-section-height-default\" data-id=\"1dc803b5\" data-element_type=\"section\">\n\t\t\t\t\t\t<div class=\"elementor-container elementor-column-gap-default\">\n\t\t\t\t\t<div class=\"elementor-column elementor-col-100 elementor-top-column elementor-element elementor-element-24910473\" data-id=\"24910473\" data-element_type=\"column\">\n\t\t\t<div class=\"elementor-widget-wrap elementor-element-populated\">\n\t\t\t\t\t\t<div class=\"elementor-element elementor-element-72a8220a elementor-invisible elementor-widget elementor-widget-text-editor\" data-id=\"72a8220a\" data-element_type=\"widget\" data-settings=\"{&quot;_animation&quot;:&quot;fadeInLeft&quot;,&quot;_animation_delay&quot;:200}\" data-widget_type=\"text-editor.default\">\n\t\t\t\t<div class=\"elementor-widget-container\">\n\t\t\t\t\t\t\t\t\t<p>M\u00e1jus 6. egy \u00fajabb fontos m\u00e9rf\u00f6ldk\u0151, \u00e9s \u00fajabb \u00fcnnepnap projekt\u00fcnk \u00e9let\u00e9ben: megtisztel\u0151 vend\u00e9geink k\u00f6sz\u00f6nt\u0151i \u00e9s el\u0151ad\u00e1sai ut\u00e1n Dr. habil. Garaczi Imre VEAB aleln\u00f6k, filoz\u00f3fus \u00e9s t\u00f6rt\u00e9n\u00e9sz hivatalosan is megnyitotta a veszpr\u00e9mi Szil\u00e1gyi L\u00e1szl\u00f3 Utcagal\u00e9ri\u00e1ban megtekinthet\u0151 fot\u00f3ki\u00e1ll\u00edt\u00e1sunkat.<\/p><p>A fotogr\u00e1fi\u00e1kat L\u00e1donyi Ferencnek k\u00f6sz\u00f6nhetj\u00fck, aki f\u00e9nyk\u00e9pez\u0151g\u00e9p\u00e9vel k\u00eds\u00e9rte v\u00e9gig a Quirin \u00c1gnes vezet\u00e9s\u00e9vel tartott m\u0171v\u00e9szetter\u00e1pi\u00e1s foglalkoz\u00e1sokat \u2013 a ki\u00e1ll\u00edtott k\u00e9pek nem csup\u00e1n az alkot\u00e1si folyamatba engednek betekint\u00e9st, de rem\u00e9nyeink szerint \u00e9rzelmileg is meg\u00e9rintik \u00e9s gondolkod\u00e1sra k\u00e9sztetik a n\u00e9z\u0151ket, az alulj\u00e1r\u00f3 j\u00e1r\u00f3kel\u0151it.<\/p><p>Nagy \u00f6r\u00f6m volt sz\u00e1munkra, hogy a Magyar M\u00e1ltai Szeretetszolg\u00e1lat seg\u00edts\u00e9g\u00e9nek k\u00f6sz\u00f6nhet\u0151en a f\u00e9nyk\u00e9peken szerepl\u0151k k\u00f6z\u00fcl is t\u00f6bben is el tudtak j\u00f6nni a megnyit\u00f3ra.<\/p><p>A ki\u00e1ll\u00edt\u00e1s a VEB2023 EKF-program t\u00e1mogat\u00e1s\u00e1val j\u00f6tt l\u00e9tre.<\/p>\t\t\t\t\t\t\t\t<\/div>\n\t\t\t\t<\/div>\n\t\t\t\t<div class=\"elementor-element elementor-element-42780b1f elementor-widget elementor-widget-spacer\" data-id=\"42780b1f\" data-element_type=\"widget\" data-widget_type=\"spacer.default\">\n\t\t\t\t<div class=\"elementor-widget-container\">\n\t\t\t\t\t\t\t<div class=\"elementor-spacer\">\n\t\t\t<div class=\"elementor-spacer-inner\"><\/div>\n\t\t<\/div>\n\t\t\t\t\t\t<\/div>\n\t\t\t\t<\/div>\n\t\t\t\t\t<\/div>\n\t\t<\/div>\n\t\t\t\t\t<\/div>\n\t\t<\/section>\n\t\t\t\t<section class=\"elementor-section elementor-top-section elementor-element elementor-element-060c4c7 elementor-section-boxed elementor-section-height-default elementor-section-height-default elementor-invisible\" data-id=\"060c4c7\" data-element_type=\"section\" data-settings=\"{&quot;animation&quot;:&quot;fadeInUp&quot;,&quot;animation_delay&quot;:1000}\">\n\t\t\t\t\t\t<div class=\"elementor-container elementor-column-gap-default\">\n\t\t\t\t\t<div class=\"elementor-column elementor-col-100 elementor-top-column elementor-element elementor-element-5d58dbb\" data-id=\"5d58dbb\" data-element_type=\"column\">\n\t\t\t<div class=\"elementor-widget-wrap elementor-element-populated\">\n\t\t\t\t\t\t<div class=\"elementor-element elementor-element-df82690 elementor-widget elementor-widget-image\" data-id=\"df82690\" data-element_type=\"widget\" data-widget_type=\"image.default\">\n\t\t\t\t<div class=\"elementor-widget-container\">\n\t\t\t\t\t\t\t\t\t\t\t\t\t\t\t<img fetchpriority=\"high\" decoding=\"async\" width=\"900\" height=\"450\" src=\"https:\/\/finartdesign.hu\/wordpress\/wp-content\/uploads\/2024\/04\/Fotokiallitas-a-hajlektalanok-alkotasi-folyamatarol-01-a.jpg\" class=\"attachment-full size-full wp-image-1302\" alt=\"\" srcset=\"https:\/\/finartdesign.hu\/wordpress\/wp-content\/uploads\/2024\/04\/Fotokiallitas-a-hajlektalanok-alkotasi-folyamatarol-01-a.jpg 900w, https:\/\/finartdesign.hu\/wordpress\/wp-content\/uploads\/2024\/04\/Fotokiallitas-a-hajlektalanok-alkotasi-folyamatarol-01-a-300x150.jpg 300w, https:\/\/finartdesign.hu\/wordpress\/wp-content\/uploads\/2024\/04\/Fotokiallitas-a-hajlektalanok-alkotasi-folyamatarol-01-a-768x384.jpg 768w\" sizes=\"(max-width: 900px) 100vw, 900px\" \/>\t\t\t\t\t\t\t\t\t\t\t\t\t\t\t<\/div>\n\t\t\t\t<\/div>\n\t\t\t\t\t<\/div>\n\t\t<\/div>\n\t\t\t\t\t<\/div>\n\t\t<\/section>\n\t\t\t\t<section class=\"elementor-section elementor-top-section elementor-element elementor-element-4e0ada24 elementor-section-boxed elementor-section-height-default elementor-section-height-default\" data-id=\"4e0ada24\" data-element_type=\"section\">\n\t\t\t\t\t\t<div class=\"elementor-container elementor-column-gap-default\">\n\t\t\t\t\t<div class=\"elementor-column elementor-col-100 elementor-top-column elementor-element elementor-element-3b31c663\" data-id=\"3b31c663\" data-element_type=\"column\">\n\t\t\t<div class=\"elementor-widget-wrap elementor-element-populated\">\n\t\t\t\t\t\t<div class=\"elementor-element elementor-element-3377dbcb elementor-widget elementor-widget-spacer\" data-id=\"3377dbcb\" data-element_type=\"widget\" data-widget_type=\"spacer.default\">\n\t\t\t\t<div class=\"elementor-widget-container\">\n\t\t\t\t\t\t\t<div class=\"elementor-spacer\">\n\t\t\t<div class=\"elementor-spacer-inner\"><\/div>\n\t\t<\/div>\n\t\t\t\t\t\t<\/div>\n\t\t\t\t<\/div>\n\t\t\t\t\t<\/div>\n\t\t<\/div>\n\t\t\t\t\t<\/div>\n\t\t<\/section>\n\t\t\t\t<section class=\"elementor-section elementor-top-section elementor-element elementor-element-7033e8a elementor-section-boxed elementor-section-height-default elementor-section-height-default elementor-invisible\" data-id=\"7033e8a\" data-element_type=\"section\" data-settings=\"{&quot;animation&quot;:&quot;fadeInUp&quot;,&quot;animation_delay&quot;:1000}\">\n\t\t\t\t\t\t<div class=\"elementor-container elementor-column-gap-default\">\n\t\t\t\t\t<div class=\"elementor-column elementor-col-100 elementor-top-column elementor-element elementor-element-7464c7a\" data-id=\"7464c7a\" data-element_type=\"column\">\n\t\t\t<div class=\"elementor-widget-wrap elementor-element-populated\">\n\t\t\t\t\t\t<div class=\"elementor-element elementor-element-bb21d17 elementor-widget elementor-widget-image\" data-id=\"bb21d17\" data-element_type=\"widget\" data-widget_type=\"image.default\">\n\t\t\t\t<div class=\"elementor-widget-container\">\n\t\t\t\t\t\t\t\t\t\t\t\t\t\t\t<img decoding=\"async\" width=\"900\" height=\"600\" src=\"https:\/\/finartdesign.hu\/wordpress\/wp-content\/uploads\/2024\/04\/LF_230505_DSC3760-a.jpg\" class=\"attachment-full size-full wp-image-1301\" alt=\"\" srcset=\"https:\/\/finartdesign.hu\/wordpress\/wp-content\/uploads\/2024\/04\/LF_230505_DSC3760-a.jpg 900w, https:\/\/finartdesign.hu\/wordpress\/wp-content\/uploads\/2024\/04\/LF_230505_DSC3760-a-300x200.jpg 300w, https:\/\/finartdesign.hu\/wordpress\/wp-content\/uploads\/2024\/04\/LF_230505_DSC3760-a-768x512.jpg 768w\" sizes=\"(max-width: 900px) 100vw, 900px\" \/>\t\t\t\t\t\t\t\t\t\t\t\t\t\t\t<\/div>\n\t\t\t\t<\/div>\n\t\t\t\t\t<\/div>\n\t\t<\/div>\n\t\t\t\t\t<\/div>\n\t\t<\/section>\n\t\t\t\t<section class=\"elementor-section elementor-top-section elementor-element elementor-element-1143bb4 elementor-section-boxed elementor-section-height-default elementor-section-height-default\" data-id=\"1143bb4\" data-element_type=\"section\">\n\t\t\t\t\t\t<div class=\"elementor-container elementor-column-gap-default\">\n\t\t\t\t\t<div class=\"elementor-column elementor-col-100 elementor-top-column elementor-element elementor-element-db4f20e\" data-id=\"db4f20e\" data-element_type=\"column\">\n\t\t\t<div class=\"elementor-widget-wrap elementor-element-populated\">\n\t\t\t\t\t\t<div class=\"elementor-element elementor-element-7bdaf73 elementor-widget elementor-widget-button\" data-id=\"7bdaf73\" data-element_type=\"widget\" data-widget_type=\"button.default\">\n\t\t\t\t<div class=\"elementor-widget-container\">\n\t\t\t\t\t\t\t\t\t<div class=\"elementor-button-wrapper\">\n\t\t\t\t\t<a class=\"elementor-button elementor-button-link elementor-size-sm\" href=\"https:\/\/finartdesign.hu\/wordpress\/esemenyek\/\">\n\t\t\t\t\t\t<span class=\"elementor-button-content-wrapper\">\n\t\t\t\t\t\t\t\t\t<span class=\"elementor-button-text\">Vissza<\/span>\n\t\t\t\t\t<\/span>\n\t\t\t\t\t<\/a>\n\t\t\t\t<\/div>\n\t\t\t\t\t\t\t\t<\/div>\n\t\t\t\t<\/div>\n\t\t\t\t<div class=\"elementor-element elementor-element-d854dbe elementor-widget elementor-widget-spacer\" data-id=\"d854dbe\" data-element_type=\"widget\" data-widget_type=\"spacer.default\">\n\t\t\t\t<div class=\"elementor-widget-container\">\n\t\t\t\t\t\t\t<div class=\"elementor-spacer\">\n\t\t\t<div class=\"elementor-spacer-inner\"><\/div>\n\t\t<\/div>\n\t\t\t\t\t\t<\/div>\n\t\t\t\t<\/div>\n\t\t\t\t\t<\/div>\n\t\t<\/div>\n\t\t\t\t\t<\/div>\n\t\t<\/section>\n\t\t\t\t<section class=\"elementor-section elementor-top-section elementor-element elementor-element-5702091f elementor-section-content-top elementor-section-boxed elementor-section-height-default elementor-section-height-default\" data-id=\"5702091f\" data-element_type=\"section\" data-settings=\"{&quot;background_background&quot;:&quot;classic&quot;}\">\n\t\t\t\t\t\t<div class=\"elementor-container elementor-column-gap-default\">\n\t\t\t\t\t<div class=\"elementor-column elementor-col-33 elementor-top-column elementor-element elementor-element-7dfce832\" data-id=\"7dfce832\" data-element_type=\"column\">\n\t\t\t<div class=\"elementor-widget-wrap elementor-element-populated\">\n\t\t\t\t\t\t<div class=\"elementor-element elementor-element-249689e1 elementor-widget elementor-widget-heading\" data-id=\"249689e1\" data-element_type=\"widget\" data-widget_type=\"heading.default\">\n\t\t\t\t<div class=\"elementor-widget-container\">\n\t\t\t\t\t<h2 class=\"elementor-heading-title elementor-size-default\">K\u00f6z\u00f6ss\u00e9gi m\u00e9dia<\/h2>\t\t\t\t<\/div>\n\t\t\t\t<\/div>\n\t\t\t\t<div class=\"elementor-element elementor-element-1613d955 e-grid-align-mobile-center elementor-shape-rounded elementor-grid-0 elementor-widget elementor-widget-social-icons\" data-id=\"1613d955\" data-element_type=\"widget\" data-widget_type=\"social-icons.default\">\n\t\t\t\t<div class=\"elementor-widget-container\">\n\t\t\t\t\t\t\t<div class=\"elementor-social-icons-wrapper elementor-grid\" role=\"list\">\n\t\t\t\t\t\t\t<span class=\"elementor-grid-item\" role=\"listitem\">\n\t\t\t\t\t<a class=\"elementor-icon elementor-social-icon elementor-social-icon-facebook-f elementor-animation-float elementor-repeater-item-b0a5f71\" href=\"https:\/\/www.facebook.com\/people\/Otthonra-tal%C3%A1lni-a-m%C5%B1v%C3%A9szetben\/100088530644367\/\" target=\"_blank\">\n\t\t\t\t\t\t<span class=\"elementor-screen-only\">Facebook-f<\/span>\n\t\t\t\t\t\t<i class=\"fab fa-facebook-f\"><\/i>\t\t\t\t\t<\/a>\n\t\t\t\t<\/span>\n\t\t\t\t\t\t\t<span class=\"elementor-grid-item\" role=\"listitem\">\n\t\t\t\t\t<a class=\"elementor-icon elementor-social-icon elementor-social-icon-envelope elementor-animation-float elementor-repeater-item-ec877e9\" href=\"mailto:ladonyizsuzsa@gmail.com\" target=\"_blank\">\n\t\t\t\t\t\t<span class=\"elementor-screen-only\">Envelope<\/span>\n\t\t\t\t\t\t<i class=\"fas fa-envelope\"><\/i>\t\t\t\t\t<\/a>\n\t\t\t\t<\/span>\n\t\t\t\t\t<\/div>\n\t\t\t\t\t\t<\/div>\n\t\t\t\t<\/div>\n\t\t\t\t<div class=\"elementor-element elementor-element-8443799 elementor-widget-divider--view-line elementor-widget elementor-widget-divider\" data-id=\"8443799\" data-element_type=\"widget\" data-widget_type=\"divider.default\">\n\t\t\t\t<div class=\"elementor-widget-container\">\n\t\t\t\t\t\t\t<div class=\"elementor-divider\">\n\t\t\t<span class=\"elementor-divider-separator\">\n\t\t\t\t\t\t<\/span>\n\t\t<\/div>\n\t\t\t\t\t\t<\/div>\n\t\t\t\t<\/div>\n\t\t\t\t<div class=\"elementor-element elementor-element-f8bf138 elementor-widget elementor-widget-image\" data-id=\"f8bf138\" data-element_type=\"widget\" data-widget_type=\"image.default\">\n\t\t\t\t<div class=\"elementor-widget-container\">\n\t\t\t\t\t\t\t\t\t\t\t\t\t\t\t<img decoding=\"async\" src=\"https:\/\/finartdesign.hu\/wordpress\/wp-content\/uploads\/elementor\/thumbs\/VEB2023-logo_hu_website_lablec_feher_130x280px-q1gclwv6k9ofrcbk3wxpaje4c9juc2wvah9ylemznk.png\" title=\"VEB2023-logo_hu_website_lablec_feher_130x280px\" alt=\"VEB2023-logo_hu_website_lablec_feher_130x280px\" loading=\"lazy\" \/>\t\t\t\t\t\t\t\t\t\t\t\t\t\t\t<\/div>\n\t\t\t\t<\/div>\n\t\t\t\t\t<\/div>\n\t\t<\/div>\n\t\t\t\t<div class=\"elementor-column elementor-col-33 elementor-top-column elementor-element elementor-element-76d6fb52\" data-id=\"76d6fb52\" data-element_type=\"column\">\n\t\t\t<div class=\"elementor-widget-wrap elementor-element-populated\">\n\t\t\t\t\t\t<div class=\"elementor-element elementor-element-d873286 elementor-widget elementor-widget-heading\" data-id=\"d873286\" data-element_type=\"widget\" data-widget_type=\"heading.default\">\n\t\t\t\t<div class=\"elementor-widget-container\">\n\t\t\t\t\t<h2 class=\"elementor-heading-title elementor-size-default\">Projektmenedzser<\/h2>\t\t\t\t<\/div>\n\t\t\t\t<\/div>\n\t\t\t\t<div class=\"elementor-element elementor-element-9d18bbd elementor-widget elementor-widget-text-editor\" data-id=\"9d18bbd\" data-element_type=\"widget\" data-widget_type=\"text-editor.default\">\n\t\t\t\t<div class=\"elementor-widget-container\">\n\t\t\t\t\t\t\t\t\t<p>L\u00e1donyi Zsuzsanna<br \/>+36 30 2514940<br \/>ladonyizsuzsa@gmail.com<\/p>\t\t\t\t\t\t\t\t<\/div>\n\t\t\t\t<\/div>\n\t\t\t\t<div class=\"elementor-element elementor-element-41391ef8 elementor-widget elementor-widget-image\" data-id=\"41391ef8\" data-element_type=\"widget\" data-widget_type=\"image.default\">\n\t\t\t\t<div class=\"elementor-widget-container\">\n\t\t\t\t\t\t\t\t\t\t\t\t\t\t\t<img decoding=\"async\" width=\"542\" height=\"140\" src=\"https:\/\/finartdesign.hu\/wordpress\/wp-content\/uploads\/2023\/02\/Muveszetek-haza-logo-01.jpg\" class=\"attachment-full size-full wp-image-884\" alt=\"\" srcset=\"https:\/\/finartdesign.hu\/wordpress\/wp-content\/uploads\/2023\/02\/Muveszetek-haza-logo-01.jpg 542w, https:\/\/finartdesign.hu\/wordpress\/wp-content\/uploads\/2023\/02\/Muveszetek-haza-logo-01-300x77.jpg 300w\" sizes=\"(max-width: 542px) 100vw, 542px\" \/>\t\t\t\t\t\t\t\t\t\t\t\t\t\t\t<\/div>\n\t\t\t\t<\/div>\n\t\t\t\t<div class=\"elementor-element elementor-element-e73b810 elementor-widget elementor-widget-image\" data-id=\"e73b810\" data-element_type=\"widget\" data-widget_type=\"image.default\">\n\t\t\t\t<div class=\"elementor-widget-container\">\n\t\t\t\t\t\t\t\t\t\t\t\t\t\t\t<img decoding=\"async\" src=\"https:\/\/finartdesign.hu\/wordpress\/wp-content\/uploads\/elementor\/thumbs\/Malta_logo-q371vhz43ynox4e9s93rem8ojq5laazjcleu7wnwg0.png\" title=\"M\u00e1lta_logo\" alt=\"M\u00e1lta_logo\" loading=\"lazy\" \/>\t\t\t\t\t\t\t\t\t\t\t\t\t\t\t<\/div>\n\t\t\t\t<\/div>\n\t\t\t\t\t<\/div>\n\t\t<\/div>\n\t\t\t\t<div class=\"elementor-column elementor-col-33 elementor-top-column elementor-element elementor-element-756215e1\" data-id=\"756215e1\" data-element_type=\"column\">\n\t\t\t<div class=\"elementor-widget-wrap elementor-element-populated\">\n\t\t\t\t\t\t<div class=\"elementor-element elementor-element-7c807d54 elementor-widget elementor-widget-image\" data-id=\"7c807d54\" data-element_type=\"widget\" data-widget_type=\"image.default\">\n\t\t\t\t<div class=\"elementor-widget-container\">\n\t\t\t\t\t\t\t\t\t\t\t\t\t\t\t<img loading=\"lazy\" decoding=\"async\" width=\"300\" height=\"300\" src=\"https:\/\/finartdesign.hu\/wordpress\/wp-content\/uploads\/2023\/01\/Otthonra-talalni-a-muveszetben-LOGO-LF-13_PS-300x300.gif\" class=\"attachment-medium size-medium wp-image-173\" alt=\"\" srcset=\"https:\/\/finartdesign.hu\/wordpress\/wp-content\/uploads\/2023\/01\/Otthonra-talalni-a-muveszetben-LOGO-LF-13_PS-300x300.gif 300w, https:\/\/finartdesign.hu\/wordpress\/wp-content\/uploads\/2023\/01\/Otthonra-talalni-a-muveszetben-LOGO-LF-13_PS-150x150.gif 150w, https:\/\/finartdesign.hu\/wordpress\/wp-content\/uploads\/2023\/01\/elementor\/thumbs\/Otthonra-talalni-a-muveszetben-LOGO-LF-13_PS-q1elqqwhh3hx3t0t9wjzcqihphkyds723d8swxl3c4.gif 170w, https:\/\/finartdesign.hu\/wordpress\/wp-content\/uploads\/2023\/01\/elementor\/thumbs\/Otthonra-talalni-a-muveszetben-LOGO-LF-13_PS-q1elqqwhgnpjzmjh4pqvbz4iapqmzv5wfnecnioiqi.gif 169w, https:\/\/finartdesign.hu\/wordpress\/wp-content\/uploads\/2023\/01\/elementor\/thumbs\/Otthonra-talalni-a-muveszetben-LOGO-LF-13_PS-q1elqqwhu94ul7gxlktbzk600oufzb5ruwmcrcq9cg.gif 200w, https:\/\/finartdesign.hu\/wordpress\/wp-content\/uploads\/2023\/01\/elementor\/thumbs\/Otthonra-talalni-a-muveszetben-LOGO-LF-13_PS-q1elqqwibsnf8eqfd55stzpcfmj3g0g27mgf7wx5cw.gif 240w\" sizes=\"(max-width: 300px) 100vw, 300px\" \/>\t\t\t\t\t\t\t\t\t\t\t\t\t\t\t<\/div>\n\t\t\t\t<\/div>\n\t\t\t\t<div class=\"elementor-element elementor-element-6d7ad456 elementor-widget elementor-widget-image\" data-id=\"6d7ad456\" data-element_type=\"widget\" data-widget_type=\"image.default\">\n\t\t\t\t<div class=\"elementor-widget-container\">\n\t\t\t\t\t\t\t\t\t\t\t\t\t\t\t<img decoding=\"async\" src=\"https:\/\/finartdesign.hu\/wordpress\/wp-content\/uploads\/elementor\/thumbs\/Finart-logo-nagy-e1678156896690-q357l2gapdtbmaorl0b5woi883hrewmb1j4o68dips.gif\" title=\"Finart-logo-nagy\" alt=\"Finart-logo-nagy\" loading=\"lazy\" \/>\t\t\t\t\t\t\t\t\t\t\t\t\t\t\t<\/div>\n\t\t\t\t<\/div>\n\t\t\t\t\t<\/div>\n\t\t<\/div>\n\t\t\t\t\t<\/div>\n\t\t<\/section>\n\t\t\t\t<\/div>\n\t\t","protected":false},"excerpt":{"rendered":"<p>Fot\u00f3ki\u00e1ll\u00edt\u00e1s a hajl\u00e9ktalanok alkot\u00e1si folyamat\u00e1r\u00f3l M\u00e1jus 6. egy \u00fajabb fontos m\u00e9rf\u00f6ldk\u0151, \u00e9s \u00fajabb \u00fcnnepnap projekt\u00fcnk \u00e9let\u00e9ben: megtisztel\u0151 vend\u00e9geink k\u00f6sz\u00f6nt\u0151i \u00e9s el\u0151ad\u00e1sai ut\u00e1n Dr. habil. Garaczi Imre VEAB aleln\u00f6k, filoz\u00f3fus \u00e9s t\u00f6rt\u00e9n\u00e9sz hivatalosan is megnyitotta a veszpr\u00e9mi Szil\u00e1gyi L\u00e1szl\u00f3 Utcagal\u00e9ri\u00e1ban megtekinthet\u0151 fot\u00f3ki\u00e1ll\u00edt\u00e1sunkat. A fotogr\u00e1fi\u00e1kat L\u00e1donyi Ferencnek k\u00f6sz\u00f6nhetj\u00fck, aki f\u00e9nyk\u00e9pez\u0151g\u00e9p\u00e9vel k\u00eds\u00e9rte v\u00e9gig a Quirin \u00c1gnes vezet\u00e9s\u00e9vel tartott [&hellip;]<\/p>\n","protected":false},"author":1,"featured_media":0,"parent":391,"menu_order":0,"comment_status":"closed","ping_status":"closed","template":"","meta":{"ngg_post_thumbnail":0,"ocean_post_layout":"","ocean_both_sidebars_style":"","ocean_both_sidebars_content_width":0,"ocean_both_sidebars_sidebars_width":0,"ocean_sidebar":"0","ocean_second_sidebar":"0","ocean_disable_margins":"enable","ocean_add_body_class":"","ocean_shortcode_before_top_bar":"","ocean_shortcode_after_top_bar":"","ocean_shortcode_before_header":"","ocean_shortcode_after_header":"","ocean_has_shortcode":"","ocean_shortcode_after_title":"","ocean_shortcode_before_footer_widgets":"","ocean_shortcode_after_footer_widgets":"","ocean_shortcode_before_footer_bottom":"","ocean_shortcode_after_footer_bottom":"","ocean_display_top_bar":"off","ocean_display_header":"default","ocean_header_style":"","ocean_center_header_left_menu":"0","ocean_custom_header_template":"0","ocean_custom_logo":0,"ocean_custom_retina_logo":0,"ocean_custom_logo_max_width":0,"ocean_custom_logo_tablet_max_width":0,"ocean_custom_logo_mobile_max_width":0,"ocean_custom_logo_max_height":0,"ocean_custom_logo_tablet_max_height":0,"ocean_custom_logo_mobile_max_height":0,"ocean_header_custom_menu":"0","ocean_menu_typo_font_family":"0","ocean_menu_typo_font_subset":"","ocean_menu_typo_font_size":0,"ocean_menu_typo_font_size_tablet":0,"ocean_menu_typo_font_size_mobile":0,"ocean_menu_typo_font_size_unit":"px","ocean_menu_typo_font_weight":"","ocean_menu_typo_font_weight_tablet":"","ocean_menu_typo_font_weight_mobile":"","ocean_menu_typo_transform":"","ocean_menu_typo_transform_tablet":"","ocean_menu_typo_transform_mobile":"","ocean_menu_typo_line_height":0,"ocean_menu_typo_line_height_tablet":0,"ocean_menu_typo_line_height_mobile":0,"ocean_menu_typo_line_height_unit":"","ocean_menu_typo_spacing":0,"ocean_menu_typo_spacing_tablet":0,"ocean_menu_typo_spacing_mobile":0,"ocean_menu_typo_spacing_unit":"","ocean_menu_link_color":"","ocean_menu_link_color_hover":"","ocean_menu_link_color_active":"","ocean_menu_link_background":"","ocean_menu_link_hover_background":"","ocean_menu_link_active_background":"","ocean_menu_social_links_bg":"","ocean_menu_social_hover_links_bg":"","ocean_menu_social_links_color":"","ocean_menu_social_hover_links_color":"","ocean_disable_title":"on","ocean_disable_heading":"default","ocean_post_title":"","ocean_post_subheading":"","ocean_post_title_style":"","ocean_post_title_background_color":"","ocean_post_title_background":0,"ocean_post_title_bg_image_position":"","ocean_post_title_bg_image_attachment":"","ocean_post_title_bg_image_repeat":"","ocean_post_title_bg_image_size":"","ocean_post_title_height":0,"ocean_post_title_bg_overlay":0.5,"ocean_post_title_bg_overlay_color":"","ocean_disable_breadcrumbs":"default","ocean_breadcrumbs_color":"","ocean_breadcrumbs_separator_color":"","ocean_breadcrumbs_links_color":"","ocean_breadcrumbs_links_hover_color":"","ocean_display_footer_widgets":"off","ocean_display_footer_bottom":"off","ocean_custom_footer_template":"0","footnotes":""},"class_list":["post-1018","page","type-page","status-publish","hentry","entry"],"_links":{"self":[{"href":"https:\/\/finartdesign.hu\/wordpress\/wp-json\/wp\/v2\/pages\/1018","targetHints":{"allow":["GET"]}}],"collection":[{"href":"https:\/\/finartdesign.hu\/wordpress\/wp-json\/wp\/v2\/pages"}],"about":[{"href":"https:\/\/finartdesign.hu\/wordpress\/wp-json\/wp\/v2\/types\/page"}],"author":[{"embeddable":true,"href":"https:\/\/finartdesign.hu\/wordpress\/wp-json\/wp\/v2\/users\/1"}],"replies":[{"embeddable":true,"href":"https:\/\/finartdesign.hu\/wordpress\/wp-json\/wp\/v2\/comments?post=1018"}],"version-history":[{"count":30,"href":"https:\/\/finartdesign.hu\/wordpress\/wp-json\/wp\/v2\/pages\/1018\/revisions"}],"predecessor-version":[{"id":1306,"href":"https:\/\/finartdesign.hu\/wordpress\/wp-json\/wp\/v2\/pages\/1018\/revisions\/1306"}],"up":[{"embeddable":true,"href":"https:\/\/finartdesign.hu\/wordpress\/wp-json\/wp\/v2\/pages\/391"}],"wp:attachment":[{"href":"https:\/\/finartdesign.hu\/wordpress\/wp-json\/wp\/v2\/media?parent=1018"}],"curies":[{"name":"wp","href":"https:\/\/api.w.org\/{rel}","templated":true}]}}